{"id":1150,"date":"2021-02-02T11:03:57","date_gmt":"2021-02-02T10:03:57","guid":{"rendered":"https:\/\/chateaudemontabert.fr\/?page_id=1150"},"modified":"2021-02-11T10:55:13","modified_gmt":"2021-02-11T09:55:13","slug":"seminars","status":"publish","type":"page","link":"https:\/\/chateaudemontabert.fr\/en\/seminars\/","title":{"rendered":"Seminars"},"content":{"rendered":"\t\t<div data-elementor-type=\"wp-page\" data-elementor-id=\"1150\" class=\"elementor elementor-1150 elementor-1149\" data-elementor-post-type=\"page\">\n\t\t\t\t\t\t<section class=\"elementor-section elementor-top-section elementor-element elementor-element-cf91d8c elementor-section-full_width elementor-section-height-default elementor-section-height-default\" data-id=\"cf91d8c\" data-element_type=\"section\" data-settings=\"{&quot;background_background&quot;:&quot;classic&quot;}\">\n\t\t\t\t\t\t\t<div class=\"elementor-background-overlay\"><\/div>\n\t\t\t\t\t\t\t<div class=\"elementor-container elementor-column-gap-default\">\n\t\t\t\t\t<div class=\"elementor-column elementor-col-100 elementor-top-column elementor-element elementor-element-79fe863\" data-id=\"79fe863\" data-element_type=\"column\">\n\t\t\t<div class=\"elementor-widget-wrap elementor-element-populated\">\n\t\t\t\t\t\t<div class=\"elementor-element elementor-element-22efad4 elementor-widget elementor-widget-heading\" data-id=\"22efad4\" data-element_type=\"widget\" data-widget_type=\"heading.default\">\n\t\t\t\t<div class=\"elementor-widget-container\">\n\t\t\t<h1 class=\"elementor-heading-title elementor-size-default\"><font color=\"#043382\"><span style=\"text-transform: uppercase\">Seminars<\/span><\/font><\/h1>\t\t<\/div>\n\t\t\t\t<\/div>\n\t\t\t\t\t<\/div>\n\t\t<\/div>\n\t\t\t\t\t<\/div>\n\t\t<\/section>\n\t\t\t\t<section class=\"elementor-section elementor-top-section elementor-element elementor-element-8210ccc elementor-section-boxed elementor-section-height-default elementor-section-height-default\" data-id=\"8210ccc\" data-element_type=\"section\">\n\t\t\t\t\t\t<div class=\"elementor-container elementor-column-gap-wider\">\n\t\t\t\t\t<div class=\"elementor-column elementor-col-50 elementor-top-column elementor-element elementor-element-cd20846\" data-id=\"cd20846\" data-element_type=\"column\">\n\t\t\t<div class=\"elementor-widget-wrap elementor-element-populated\">\n\t\t\t\t\t\t<div class=\"elementor-element elementor-element-ea76eb2 elementor-widget elementor-widget-heading\" data-id=\"ea76eb2\" data-element_type=\"widget\" data-widget_type=\"heading.default\">\n\t\t\t\t<div class=\"elementor-widget-container\">\n\t\t\t<h2 class=\"elementor-heading-title elementor-size-default\">Organise your seminars in an exceptional setting!<\/h2>\t\t<\/div>\n\t\t\t\t<\/div>\n\t\t\t\t<div class=\"elementor-element elementor-element-772a33f elementor-widget elementor-widget-text-editor\" data-id=\"772a33f\" data-element_type=\"widget\" data-widget_type=\"text-editor.default\">\n\t\t\t\t<div class=\"elementor-widget-container\">\n\t\t\t\t\t\t\t<p>Are you looking for a venue for your seminar, your back-to-school meeting or your board of directors? Organise your meeting at the Ch\u00e2teau de Montabert, a discreet venue with character.<\/p>\n\t\t\t\t\t\t<\/div>\n\t\t\t\t<\/div>\n\t\t\t\t<div class=\"elementor-element elementor-element-f4774cb elementor-icon-list--layout-traditional elementor-list-item-link-full_width elementor-widget elementor-widget-icon-list\" data-id=\"f4774cb\" data-element_type=\"widget\" data-widget_type=\"icon-list.default\">\n\t\t\t\t<div class=\"elementor-widget-container\">\n\t\t\t\t\t<ul class=\"elementor-icon-list-items\">\n\t\t\t\t\t\t\t<li class=\"elementor-icon-list-item\">\n\t\t\t\t\t\t\t\t\t\t\t<span class=\"elementor-icon-list-icon\">\n\t\t\t\t\t\t\t<i aria-hidden=\"true\" class=\"fas fa-parking\"><\/i>\t\t\t\t\t\t<\/span>\n\t\t\t\t\t\t\t\t\t\t<span class=\"elementor-icon-list-text\">Parking facilities<\/span>\n\t\t\t\t\t\t\t\t\t<\/li>\n\t\t\t\t\t\t\t\t<li class=\"elementor-icon-list-item\">\n\t\t\t\t\t\t\t\t\t\t\t<span class=\"elementor-icon-list-icon\">\n\t\t\t\t\t\t\t<i aria-hidden=\"true\" class=\"fas fa-tv\"><\/i>\t\t\t\t\t\t<\/span>\n\t\t\t\t\t\t\t\t\t\t<span class=\"elementor-icon-list-text\">Projection screen<\/span>\n\t\t\t\t\t\t\t\t\t<\/li>\n\t\t\t\t\t\t\t\t<li class=\"elementor-icon-list-item\">\n\t\t\t\t\t\t\t\t\t\t\t<span class=\"elementor-icon-list-icon\">\n\t\t\t\t\t\t\t<i aria-hidden=\"true\" class=\"fas fa-coffee\"><\/i>\t\t\t\t\t\t<\/span>\n\t\t\t\t\t\t\t\t\t\t<span class=\"elementor-icon-list-text\">Coffee & tea available<\/span>\n\t\t\t\t\t\t\t\t\t<\/li>\n\t\t\t\t\t\t\t\t<li class=\"elementor-icon-list-item\">\n\t\t\t\t\t\t\t\t\t\t\t<span class=\"elementor-icon-list-icon\">\n\t\t\t\t\t\t\t<i aria-hidden=\"true\" class=\"fas fa-bread-slice\"><\/i>\t\t\t\t\t\t<\/span>\n\t\t\t\t\t\t\t\t\t\t<span class=\"elementor-icon-list-text\">Possibility of business breakfast in the morning<\/span>\n\t\t\t\t\t\t\t\t\t<\/li>\n\t\t\t\t\t\t\t\t<li class=\"elementor-icon-list-item\">\n\t\t\t\t\t\t\t\t\t\t\t<span class=\"elementor-icon-list-icon\">\n\t\t\t\t\t\t\t<i aria-hidden=\"true\" class=\"fas fa-cheese\"><\/i>\t\t\t\t\t\t<\/span>\n\t\t\t\t\t\t\t\t\t\t<span class=\"elementor-icon-list-text\">Possibility to eat lunch if necessary <\/span>\n\t\t\t\t\t\t\t\t\t<\/li>\n\t\t\t\t\t\t<\/ul>\n\t\t\t\t<\/div>\n\t\t\t\t<\/div>\n\t\t\t\t\t<\/div>\n\t\t<\/div>\n\t\t\t\t<div class=\"elementor-column elementor-col-50 elementor-top-column elementor-element elementor-element-567e521\" data-id=\"567e521\" data-element_type=\"column\">\n\t\t\t<div class=\"elementor-widget-wrap elementor-element-populated\">\n\t\t\t\t\t\t<div class=\"elementor-element elementor-element-80500ea elementor-widget elementor-widget-heading\" data-id=\"80500ea\" data-element_type=\"widget\" data-widget_type=\"heading.default\">\n\t\t\t\t<div class=\"elementor-widget-container\">\n\t\t\t<h2 class=\"elementor-heading-title elementor-size-default\">Availabilities and quotes<\/h2>\t\t<\/div>\n\t\t\t\t<\/div>\n\t\t\t\t<div class=\"elementor-element elementor-element-6949d84 elementor-widget elementor-widget-text-editor\" data-id=\"6949d84\" data-element_type=\"widget\" data-widget_type=\"text-editor.default\">\n\t\t\t\t<div class=\"elementor-widget-container\">\n\t\t\t\t\t\t\t<p>To find out about the availability of the orangery, please contact us at<br \/>\n+33 (0)3 25 80 57 09 or via our form.<\/p>\n\t\t\t\t\t\t<\/div>\n\t\t\t\t<\/div>\n\t\t\t\t<div class=\"elementor-element elementor-element-81531b8 elementor-button-align-stretch elementor-widget elementor-widget-form\" data-id=\"81531b8\" data-element_type=\"widget\" data-settings=\"{&quot;step_next_label&quot;:&quot;Suivant&quot;,&quot;step_previous_label&quot;:&quot;Pr\\u00e9c\\u00e9dent&quot;,&quot;button_width&quot;:&quot;100&quot;,&quot;step_type&quot;:&quot;number_text&quot;,&quot;step_icon_shape&quot;:&quot;circle&quot;}\" data-widget_type=\"form.default\">\n\t\t\t\t<div class=\"elementor-widget-container\">\n\t\t\t\t\t<form class=\"elementor-form\" method=\"post\" id=\"devis-seminaires\" name=\"New Form\">\n\t\t\t<input type=\"hidden\" name=\"post_id\" value=\"1150\"\/>\n\t\t\t<input type=\"hidden\" name=\"form_id\" value=\"81531b8\"\/>\n\t\t\t<input type=\"hidden\" name=\"referer_title\" value=\"Ch\u00e2teau de Montabert\" \/>\n\n\t\t\t\n\t\t\t<div class=\"elementor-form-fields-wrapper elementor-labels-above\">\n\t\t\t\t\t\t\t\t<div class=\"elementor-field-type-text elementor-field-group elementor-column elementor-field-group-name elementor-col-100 elementor-field-required\">\n\t\t\t\t\t\t\t\t\t\t\t\t\t<input size=\"1\" type=\"text\" name=\"form_fields[name]\" id=\"form-field-name\" class=\"elementor-field elementor-size-sm  elementor-field-textual\" placeholder=\"Last name, first name*\" required=\"required\">\n\t\t\t\t\t\t\t\t\t\t\t<\/div>\n\t\t\t\t\t\t\t\t<div class=\"elementor-field-type-email elementor-field-group elementor-column elementor-field-group-email elementor-col-100 elementor-field-required\">\n\t\t\t\t\t\t\t\t\t\t\t\t\t<input size=\"1\" type=\"email\" name=\"form_fields[email]\" id=\"form-field-email\" class=\"elementor-field elementor-size-sm  elementor-field-textual\" placeholder=\"Email*\" required=\"required\">\n\t\t\t\t\t\t\t\t\t\t\t<\/div>\n\t\t\t\t\t\t\t\t<div class=\"elementor-field-type-tel elementor-field-group elementor-column elementor-field-group-telephone elementor-col-100 elementor-field-required\">\n\t\t\t\t\t\t\t<input size=\"1\" type=\"tel\" name=\"form_fields[telephone]\" id=\"form-field-telephone\" class=\"elementor-field elementor-size-sm  elementor-field-textual\" placeholder=\"Phone*\" required=\"required\" pattern=\"[0-9()#&amp;+*-=.]+\" title=\"Only numbers and phone characters (#, -, *, etc) are accepted.\">\n\n\t\t\t\t\t\t<\/div>\n\t\t\t\t\t\t\t\t<div class=\"elementor-field-type-number elementor-field-group elementor-column elementor-field-group-personnes elementor-col-100 elementor-field-required\">\n\t\t\t\t\t\t\t\t<input type=\"number\" name=\"form_fields[personnes]\" id=\"form-field-personnes\" class=\"elementor-field elementor-size-sm  elementor-field-textual\" placeholder=\"Number of people*\" required=\"required\" min=\"\" max=\"\" >\n\t\t\t\t\t\t<\/div>\n\t\t\t\t\t\t\t\t<div class=\"elementor-field-type-text elementor-field-group elementor-column elementor-field-group-duree elementor-col-100 elementor-field-required\">\n\t\t\t\t\t\t\t\t\t\t\t\t\t<input size=\"1\" type=\"text\" name=\"form_fields[duree]\" id=\"form-field-duree\" class=\"elementor-field elementor-size-sm  elementor-field-textual\" placeholder=\"Duration of the meeting*\" required=\"required\">\n\t\t\t\t\t\t\t\t\t\t\t<\/div>\n\t\t\t\t\t\t\t\t<div class=\"elementor-field-type-text elementor-field-group elementor-column elementor-field-group-collation elementor-col-100 elementor-field-required\">\n\t\t\t\t\t\t\t\t\t\t\t\t\t<input size=\"1\" type=\"text\" name=\"form_fields[collation]\" id=\"form-field-collation\" class=\"elementor-field elementor-size-sm  elementor-field-textual\" placeholder=\"Would you like a snack or a meal? (Please specify)*.\" required=\"required\">\n\t\t\t\t\t\t\t\t\t\t\t<\/div>\n\t\t\t\t\t\t\t\t<div class=\"elementor-field-type-recaptcha_v3 elementor-field-group elementor-column elementor-field-group-field_a8c2ffd elementor-col-100 recaptcha_v3-bottomright\">\n\t\t\t\t\t<div class=\"elementor-field\" id=\"form-field-field_a8c2ffd\"><div class=\"elementor-g-recaptcha\" data-sitekey=\"6LfloDwaAAAAALRJvVLmlmssPBqFrJsslnynYrKh\" data-type=\"v3\" data-action=\"Form\" data-badge=\"bottomright\" data-size=\"invisible\"><\/div><\/div>\t\t\t\t<\/div>\n\t\t\t\t\t\t\t\t<div class=\"elementor-field-type-textarea elementor-field-group elementor-column elementor-field-group-precisions elementor-col-100\">\n\t\t\t\t\t<textarea class=\"elementor-field-textual elementor-field  elementor-size-sm\" name=\"form_fields[precisions]\" id=\"form-field-precisions\" rows=\"4\" placeholder=\"Details of your request\"><\/textarea>\t\t\t\t<\/div>\n\t\t\t\t\t\t\t\t<div class=\"elementor-field-group elementor-column elementor-field-type-submit elementor-col-100 e-form__buttons\">\n\t\t\t\t\t<button class=\"elementor-button elementor-size-sm\" type=\"submit\" id=\"envoi-seminaires\">\n\t\t\t\t\t\t<span class=\"elementor-button-content-wrapper\">\n\t\t\t\t\t\t\t\t\t\t\t\t\t\t\t\t\t\t\t\t\t\t<span class=\"elementor-button-text\">Send<\/span>\n\t\t\t\t\t\t\t\t\t\t\t\t\t<\/span>\n\t\t\t\t\t<\/button>\n\t\t\t\t<\/div>\n\t\t\t<\/div>\n\t\t<\/form>\n\t\t\t\t<\/div>\n\t\t\t\t<\/div>\n\t\t\t\t\t<\/div>\n\t\t<\/div>\n\t\t\t\t\t<\/div>\n\t\t<\/section>\n\t\t\t\t<section class=\"elementor-section elementor-top-section elementor-element elementor-element-11c6fc2 elementor-section-full_width elementor-section-height-default elementor-section-height-default\" data-id=\"11c6fc2\" data-element_type=\"section\">\n\t\t\t\t\t\t<div class=\"elementor-container elementor-column-gap-default\">\n\t\t\t\t\t<div class=\"elementor-column elementor-col-100 elementor-top-column elementor-element elementor-element-e137274\" data-id=\"e137274\" data-element_type=\"column\">\n\t\t\t<div class=\"elementor-widget-wrap elementor-element-populated\">\n\t\t\t\t\t\t<div class=\"elementor-element elementor-element-823602b elementor-arrows-position-inside elementor-widget elementor-widget-image-carousel\" data-id=\"823602b\" data-element_type=\"widget\" data-settings=\"{&quot;slides_to_show&quot;:&quot;4&quot;,&quot;slides_to_scroll&quot;:&quot;1&quot;,&quot;navigation&quot;:&quot;arrows&quot;,&quot;autoplay_speed&quot;:2500,&quot;autoplay&quot;:&quot;yes&quot;,&quot;pause_on_hover&quot;:&quot;yes&quot;,&quot;pause_on_interaction&quot;:&quot;yes&quot;,&quot;infinite&quot;:&quot;yes&quot;,&quot;speed&quot;:500}\" data-widget_type=\"image-carousel.default\">\n\t\t\t\t<div class=\"elementor-widget-container\">\n\t\t\t\t\t<div class=\"elementor-image-carousel-wrapper swiper\" dir=\"ltr\">\n\t\t\t<div class=\"elementor-image-carousel swiper-wrapper\" aria-live=\"off\">\n\t\t\t\t\t\t\t\t<div class=\"swiper-slide\" role=\"group\" aria-roledescription=\"slide\" aria-label=\"1 of 7\"><figure class=\"swiper-slide-inner\"><img decoding=\"async\" class=\"swiper-slide-image\" src=\"https:\/\/chateaudemontabert.fr\/wp-content\/uploads\/elementor\/thumbs\/seminaire-montabert-6-min-p2p9k7wy9ng438t2zjusz9v8xywo2y7ceudwdgxh1k.jpg\" alt=\"seminaire-montabert (6)-min\" \/><\/figure><\/div><div class=\"swiper-slide\" role=\"group\" aria-roledescription=\"slide\" aria-label=\"2 of 7\"><figure class=\"swiper-slide-inner\"><img decoding=\"async\" class=\"swiper-slide-image\" src=\"https:\/\/chateaudemontabert.fr\/wp-content\/uploads\/elementor\/thumbs\/seminaire-montabert-1-min-p2p9jjh5byinpdsky9ai6g19hy94itibnhf9w9xpjc.jpg\" alt=\"seminaire-montabert (1)-min\" \/><\/figure><\/div><div class=\"swiper-slide\" role=\"group\" aria-roledescription=\"slide\" aria-label=\"3 of 7\"><figure class=\"swiper-slide-inner\"><img decoding=\"async\" class=\"swiper-slide-image\" src=\"https:\/\/chateaudemontabert.fr\/wp-content\/uploads\/elementor\/thumbs\/seminaire-montabert-3-min-p2p9jsvj8avixhexfdcrvdnvfsysnsjn0ry4p1jrt4.jpg\" alt=\"seminaire-montabert (3)-min\" \/><\/figure><\/div><div class=\"swiper-slide\" role=\"group\" aria-roledescription=\"slide\" aria-label=\"4 of 7\"><figure class=\"swiper-slide-inner\"><img decoding=\"async\" class=\"swiper-slide-image\" src=\"https:\/\/chateaudemontabert.fr\/wp-content\/uploads\/elementor\/thumbs\/seminaire-montabert-2-min-p2p9jo6ca4p3bflr6tbn0wukgvlylb0zc4opanqqo8.jpg\" alt=\"seminaire-montabert (2)-min\" \/><\/figure><\/div><div class=\"swiper-slide\" role=\"group\" aria-roledescription=\"slide\" aria-label=\"5 of 7\"><figure class=\"swiper-slide-inner\"><img decoding=\"async\" class=\"swiper-slide-image\" src=\"https:\/\/chateaudemontabert.fr\/wp-content\/uploads\/elementor\/thumbs\/seminaire-montabert-7-min-p2p9kcm57tmjpam983vxtqojww9i5fq03hnbruqi6g.jpg\" alt=\"seminaire-montabert (7)-min\" \/><\/figure><\/div><div class=\"swiper-slide\" role=\"group\" aria-roledescription=\"slide\" aria-label=\"6 of 7\"><figure class=\"swiper-slide-inner\"><img decoding=\"async\" class=\"swiper-slide-image\" src=\"https:\/\/chateaudemontabert.fr\/wp-content\/uploads\/elementor\/thumbs\/seminaire-montabert-5-min-p2p9k29x4n8e5l19whf1kbahdnogsrkye2gzht5u2w.jpg\" alt=\"seminaire-montabert (5)-min\" \/><\/figure><\/div><div class=\"swiper-slide\" role=\"group\" aria-roledescription=\"slide\" aria-label=\"7 of 7\"><figure class=\"swiper-slide-inner\"><img decoding=\"async\" class=\"swiper-slide-image\" src=\"https:\/\/chateaudemontabert.fr\/wp-content\/uploads\/elementor\/thumbs\/seminaire-montabert-4-min-p2p9jxkq6h1yjj83nxdwpuh6eqbmqa2apf7k3fcsy0.jpg\" alt=\"seminaire-montabert (4)-min\" \/><\/figure><\/div>\t\t\t<\/div>\n\t\t\t\t\t\t\t\t\t\t\t\t<div class=\"elementor-swiper-button elementor-swiper-button-prev\" role=\"button\" tabindex=\"0\">\n\t\t\t\t\t\t<i aria-hidden=\"true\" class=\"eicon-chevron-left\"><\/i>\t\t\t\t\t<\/div>\n\t\t\t\t\t<div class=\"elementor-swiper-button elementor-swiper-button-next\" role=\"button\" tabindex=\"0\">\n\t\t\t\t\t\t<i aria-hidden=\"true\" class=\"eicon-chevron-right\"><\/i>\t\t\t\t\t<\/div>\n\t\t\t\t\n\t\t\t\t\t\t\t\t\t<\/div>\n\t\t\t\t<\/div>\n\t\t\t\t<\/div>\n\t\t\t\t\t<\/div>\n\t\t<\/div>\n\t\t\t\t\t<\/div>\n\t\t<\/section>\n\t\t\t\t<section class=\"elementor-section elementor-top-section elementor-element elementor-element-ea4720e elementor-section-boxed elementor-section-height-default elementor-section-height-default\" data-id=\"ea4720e\" data-element_type=\"section\">\n\t\t\t\t\t\t<div class=\"elementor-container elementor-column-gap-default\">\n\t\t\t\t\t<div class=\"elementor-column elementor-col-100 elementor-top-column elementor-element elementor-element-6126278\" data-id=\"6126278\" data-element_type=\"column\">\n\t\t\t<div class=\"elementor-widget-wrap elementor-element-populated\">\n\t\t\t\t\t\t<div class=\"elementor-element elementor-element-7b24a9e elementor-widget elementor-widget-spacer\" data-id=\"7b24a9e\" data-element_type=\"widget\" data-widget_type=\"spacer.default\">\n\t\t\t\t<div class=\"elementor-widget-container\">\n\t\t\t\t\t<div class=\"elementor-spacer\">\n\t\t\t<div class=\"elementor-spacer-inner\"><\/div>\n\t\t<\/div>\n\t\t\t\t<\/div>\n\t\t\t\t<\/div>\n\t\t\t\t\t<\/div>\n\t\t<\/div>\n\t\t\t\t\t<\/div>\n\t\t<\/section>\n\t\t\t\t<\/div>\n\t\t","protected":false},"excerpt":{"rendered":"Seminars Organise your seminars in an exceptional setting! Are you looking for a venue for your seminar, your back-to-school meeting or your board of directors? Organise your meeting at the Ch\u00e2teau de Montabert, a discreet venue with character. Parking facilities Projection screen Coffee &#038; tea available Possibility of business breakfast in the morning Possibility to&#8230; <a class=\"view-article\" href=\"https:\/\/chateaudemontabert.fr\/en\/seminars\/\">View Article<\/a>","protected":false},"author":2,"featured_media":852,"parent":0,"menu_order":0,"comment_status":"closed","ping_status":"closed","template":"elementor_header_footer","meta":{"footnotes":""},"class_list":["post-1150","page","type-page","status-publish","has-post-thumbnail","hentry"],"yoast_head":"<!-- This site is optimized with the Yoast SEO plugin v26.5 - https:\/\/yoast.com\/wordpress\/plugins\/seo\/ -->\n<title>Seminars | Ch\u00e2teau de Montabert<\/title>\n<meta name=\"description\" content=\"Are you looking for a venue for your seminar, your back-to-school meeting or your board of directors? Organise your meeting at the Ch\u00e2teau de Montabert, a discreet venue with character.\" \/>\n<meta name=\"robots\" content=\"index, follow, max-snippet:-1, max-image-preview:large, max-video-preview:-1\" \/>\n<link rel=\"canonical\" href=\"https:\/\/chateaudemontabert.fr\/en\/seminars\/\" \/>\n<meta property=\"og:locale\" content=\"en_US\" \/>\n<meta property=\"og:type\" content=\"article\" \/>\n<meta property=\"og:title\" content=\"Seminars | Ch\u00e2teau de Montabert\" \/>\n<meta property=\"og:description\" content=\"Are you looking for a venue for your seminar, your back-to-school meeting or your board of directors? Organise your meeting at the Ch\u00e2teau de Montabert, a discreet venue with character.\" \/>\n<meta property=\"og:url\" content=\"https:\/\/chateaudemontabert.fr\/en\/seminars\/\" \/>\n<meta property=\"og:site_name\" content=\"Ch\u00e2teau de Montabert\" \/>\n<meta property=\"article:modified_time\" content=\"2021-02-11T09:55:13+00:00\" \/>\n<meta property=\"og:image\" content=\"https:\/\/chateaudemontabert.fr\/wp-content\/uploads\/2017\/07\/slider-chambre.jpg\" \/>\n\t<meta property=\"og:image:width\" content=\"1920\" \/>\n\t<meta property=\"og:image:height\" content=\"1080\" \/>\n\t<meta property=\"og:image:type\" content=\"image\/jpeg\" \/>\n<meta name=\"twitter:card\" content=\"summary_large_image\" \/>\n<meta name=\"twitter:label1\" content=\"Est. reading time\" \/>\n\t<meta name=\"twitter:data1\" content=\"6 minutes\" \/>\n<script type=\"application\/ld+json\" class=\"yoast-schema-graph\">{\"@context\":\"https:\/\/schema.org\",\"@graph\":[{\"@type\":\"WebPage\",\"@id\":\"https:\/\/chateaudemontabert.fr\/en\/seminars\/\",\"url\":\"https:\/\/chateaudemontabert.fr\/en\/seminars\/\",\"name\":\"Seminars | Ch\u00e2teau de Montabert\",\"isPartOf\":{\"@id\":\"https:\/\/chateaudemontabert.fr\/#website\"},\"primaryImageOfPage\":{\"@id\":\"https:\/\/chateaudemontabert.fr\/en\/seminars\/#primaryimage\"},\"image\":{\"@id\":\"https:\/\/chateaudemontabert.fr\/en\/seminars\/#primaryimage\"},\"thumbnailUrl\":\"https:\/\/chateaudemontabert.fr\/wp-content\/uploads\/2017\/07\/slider-chambre.jpg\",\"datePublished\":\"2021-02-02T10:03:57+00:00\",\"dateModified\":\"2021-02-11T09:55:13+00:00\",\"description\":\"Are you looking for a venue for your seminar, your back-to-school meeting or your board of directors? Organise your meeting at the Ch\u00e2teau de Montabert, a discreet venue with character.\",\"breadcrumb\":{\"@id\":\"https:\/\/chateaudemontabert.fr\/en\/seminars\/#breadcrumb\"},\"inLanguage\":\"en-US\",\"potentialAction\":[{\"@type\":\"ReadAction\",\"target\":[\"https:\/\/chateaudemontabert.fr\/en\/seminars\/\"]}]},{\"@type\":\"ImageObject\",\"inLanguage\":\"en-US\",\"@id\":\"https:\/\/chateaudemontabert.fr\/en\/seminars\/#primaryimage\",\"url\":\"https:\/\/chateaudemontabert.fr\/wp-content\/uploads\/2017\/07\/slider-chambre.jpg\",\"contentUrl\":\"https:\/\/chateaudemontabert.fr\/wp-content\/uploads\/2017\/07\/slider-chambre.jpg\",\"width\":1920,\"height\":1080},{\"@type\":\"BreadcrumbList\",\"@id\":\"https:\/\/chateaudemontabert.fr\/en\/seminars\/#breadcrumb\",\"itemListElement\":[{\"@type\":\"ListItem\",\"position\":1,\"name\":\"Home\",\"item\":\"https:\/\/chateaudemontabert.fr\/en\/\"},{\"@type\":\"ListItem\",\"position\":2,\"name\":\"Seminars\"}]},{\"@type\":\"WebSite\",\"@id\":\"https:\/\/chateaudemontabert.fr\/#website\",\"url\":\"https:\/\/chateaudemontabert.fr\/\",\"name\":\"Ch\u00e2teau de Montabert\",\"description\":\"D\u00e9couvrez le Ch\u00e2teau de Montabert, Chambres d&#039;H\u00f4tes de luxe pr\u00e8s de Troyes \u00e0 deux pas du Parc de la For\u00eat d&#039;Orient avec piscine chauff\u00e9e dans un parc de 14 hectares\",\"potentialAction\":[{\"@type\":\"SearchAction\",\"target\":{\"@type\":\"EntryPoint\",\"urlTemplate\":\"https:\/\/chateaudemontabert.fr\/?s={search_term_string}\"},\"query-input\":{\"@type\":\"PropertyValueSpecification\",\"valueRequired\":true,\"valueName\":\"search_term_string\"}}],\"inLanguage\":\"en-US\"}]}<\/script>\n<!-- \/ Yoast SEO plugin. -->","yoast_head_json":{"title":"Seminars | Ch\u00e2teau de Montabert","description":"Are you looking for a venue for your seminar, your back-to-school meeting or your board of directors? Organise your meeting at the Ch\u00e2teau de Montabert, a discreet venue with character.","robots":{"index":"index","follow":"follow","max-snippet":"max-snippet:-1","max-image-preview":"max-image-preview:large","max-video-preview":"max-video-preview:-1"},"canonical":"https:\/\/chateaudemontabert.fr\/en\/seminars\/","og_locale":"en_US","og_type":"article","og_title":"Seminars | Ch\u00e2teau de Montabert","og_description":"Are you looking for a venue for your seminar, your back-to-school meeting or your board of directors? Organise your meeting at the Ch\u00e2teau de Montabert, a discreet venue with character.","og_url":"https:\/\/chateaudemontabert.fr\/en\/seminars\/","og_site_name":"Ch\u00e2teau de Montabert","article_modified_time":"2021-02-11T09:55:13+00:00","og_image":[{"width":1920,"height":1080,"url":"https:\/\/chateaudemontabert.fr\/wp-content\/uploads\/2017\/07\/slider-chambre.jpg","type":"image\/jpeg"}],"twitter_card":"summary_large_image","twitter_misc":{"Est. reading time":"6 minutes"},"schema":{"@context":"https:\/\/schema.org","@graph":[{"@type":"WebPage","@id":"https:\/\/chateaudemontabert.fr\/en\/seminars\/","url":"https:\/\/chateaudemontabert.fr\/en\/seminars\/","name":"Seminars | Ch\u00e2teau de Montabert","isPartOf":{"@id":"https:\/\/chateaudemontabert.fr\/#website"},"primaryImageOfPage":{"@id":"https:\/\/chateaudemontabert.fr\/en\/seminars\/#primaryimage"},"image":{"@id":"https:\/\/chateaudemontabert.fr\/en\/seminars\/#primaryimage"},"thumbnailUrl":"https:\/\/chateaudemontabert.fr\/wp-content\/uploads\/2017\/07\/slider-chambre.jpg","datePublished":"2021-02-02T10:03:57+00:00","dateModified":"2021-02-11T09:55:13+00:00","description":"Are you looking for a venue for your seminar, your back-to-school meeting or your board of directors? Organise your meeting at the Ch\u00e2teau de Montabert, a discreet venue with character.","breadcrumb":{"@id":"https:\/\/chateaudemontabert.fr\/en\/seminars\/#breadcrumb"},"inLanguage":"en-US","potentialAction":[{"@type":"ReadAction","target":["https:\/\/chateaudemontabert.fr\/en\/seminars\/"]}]},{"@type":"ImageObject","inLanguage":"en-US","@id":"https:\/\/chateaudemontabert.fr\/en\/seminars\/#primaryimage","url":"https:\/\/chateaudemontabert.fr\/wp-content\/uploads\/2017\/07\/slider-chambre.jpg","contentUrl":"https:\/\/chateaudemontabert.fr\/wp-content\/uploads\/2017\/07\/slider-chambre.jpg","width":1920,"height":1080},{"@type":"BreadcrumbList","@id":"https:\/\/chateaudemontabert.fr\/en\/seminars\/#breadcrumb","itemListElement":[{"@type":"ListItem","position":1,"name":"Home","item":"https:\/\/chateaudemontabert.fr\/en\/"},{"@type":"ListItem","position":2,"name":"Seminars"}]},{"@type":"WebSite","@id":"https:\/\/chateaudemontabert.fr\/#website","url":"https:\/\/chateaudemontabert.fr\/","name":"Ch\u00e2teau de Montabert","description":"D\u00e9couvrez le Ch\u00e2teau de Montabert, Chambres d&#039;H\u00f4tes de luxe pr\u00e8s de Troyes \u00e0 deux pas du Parc de la For\u00eat d&#039;Orient avec piscine chauff\u00e9e dans un parc de 14 hectares","potentialAction":[{"@type":"SearchAction","target":{"@type":"EntryPoint","urlTemplate":"https:\/\/chateaudemontabert.fr\/?s={search_term_string}"},"query-input":{"@type":"PropertyValueSpecification","valueRequired":true,"valueName":"search_term_string"}}],"inLanguage":"en-US"}]}},"_links":{"self":[{"href":"https:\/\/chateaudemontabert.fr\/en\/wp-json\/wp\/v2\/pages\/1150","targetHints":{"allow":["GET"]}}],"collection":[{"href":"https:\/\/chateaudemontabert.fr\/en\/wp-json\/wp\/v2\/pages"}],"about":[{"href":"https:\/\/chateaudemontabert.fr\/en\/wp-json\/wp\/v2\/types\/page"}],"author":[{"embeddable":true,"href":"https:\/\/chateaudemontabert.fr\/en\/wp-json\/wp\/v2\/users\/2"}],"replies":[{"embeddable":true,"href":"https:\/\/chateaudemontabert.fr\/en\/wp-json\/wp\/v2\/comments?post=1150"}],"version-history":[{"count":0,"href":"https:\/\/chateaudemontabert.fr\/en\/wp-json\/wp\/v2\/pages\/1150\/revisions"}],"wp:featuredmedia":[{"embeddable":true,"href":"https:\/\/chateaudemontabert.fr\/en\/wp-json\/wp\/v2\/media\/852"}],"wp:attachment":[{"href":"https:\/\/chateaudemontabert.fr\/en\/wp-json\/wp\/v2\/media?parent=1150"}],"curies":[{"name":"wp","href":"https:\/\/api.w.org\/{rel}","templated":true}]}}