{"id":1289,"date":"2021-02-02T09:15:27","date_gmt":"2021-02-02T08:15:27","guid":{"rendered":"https:\/\/chateaudemontabert.fr\/?page_id=1289"},"modified":"2021-08-12T14:42:49","modified_gmt":"2021-08-12T13:42:49","slug":"contact-us-2","status":"publish","type":"page","link":"https:\/\/chateaudemontabert.fr\/en\/contact-us-2\/","title":{"rendered":"Contact us"},"content":{"rendered":"\t\t<div data-elementor-type=\"wp-page\" data-elementor-id=\"1289\" class=\"elementor elementor-1289 elementor-1288\" data-elementor-post-type=\"page\">\n\t\t\t\t\t\t<section class=\"elementor-section elementor-top-section elementor-element elementor-element-1dc157dd elementor-section-full_width elementor-section-height-default elementor-section-height-default\" data-id=\"1dc157dd\" data-element_type=\"section\" data-settings=\"{&quot;background_background&quot;:&quot;classic&quot;}\">\n\t\t\t\t\t\t\t<div class=\"elementor-background-overlay\"><\/div>\n\t\t\t\t\t\t\t<div class=\"elementor-container elementor-column-gap-default\">\n\t\t\t\t\t<div class=\"elementor-column elementor-col-100 elementor-top-column elementor-element elementor-element-74aa6439\" data-id=\"74aa6439\" data-element_type=\"column\">\n\t\t\t<div class=\"elementor-widget-wrap elementor-element-populated\">\n\t\t\t\t\t\t<div class=\"elementor-element elementor-element-785a273e elementor-widget elementor-widget-heading\" data-id=\"785a273e\" data-element_type=\"widget\" data-widget_type=\"heading.default\">\n\t\t\t\t<div class=\"elementor-widget-container\">\n\t\t\t<h1 class=\"elementor-heading-title elementor-size-default\">Need informations ?<br \/><span class=\"titre-bleu\"> Contact us !<\/span><\/h1>\t\t<\/div>\n\t\t\t\t<\/div>\n\t\t\t\t\t<\/div>\n\t\t<\/div>\n\t\t\t\t\t<\/div>\n\t\t<\/section>\n\t\t\t\t<section class=\"elementor-section elementor-top-section elementor-element elementor-element-20c0dddb elementor-section-boxed elementor-section-height-default elementor-section-height-default\" data-id=\"20c0dddb\" data-element_type=\"section\">\n\t\t\t\t\t\t<div class=\"elementor-container elementor-column-gap-wider\">\n\t\t\t\t\t<div class=\"elementor-column elementor-col-50 elementor-top-column elementor-element elementor-element-60b3199f\" data-id=\"60b3199f\" data-element_type=\"column\">\n\t\t\t<div class=\"elementor-widget-wrap elementor-element-populated\">\n\t\t\t\t\t\t<div class=\"elementor-element elementor-element-6859ba43 elementor-widget elementor-widget-heading\" data-id=\"6859ba43\" data-element_type=\"widget\" data-widget_type=\"heading.default\">\n\t\t\t\t<div class=\"elementor-widget-container\">\n\t\t\t<h2 class=\"elementor-heading-title elementor-size-default\">Contact form<\/h2>\t\t<\/div>\n\t\t\t\t<\/div>\n\t\t\t\t<div class=\"elementor-element elementor-element-685cce78 elementor-button-align-stretch elementor-widget elementor-widget-form\" data-id=\"685cce78\" data-element_type=\"widget\" data-settings=\"{&quot;step_next_label&quot;:&quot;Next&quot;,&quot;step_previous_label&quot;:&quot;Previous&quot;,&quot;button_width&quot;:&quot;100&quot;,&quot;step_type&quot;:&quot;number_text&quot;,&quot;step_icon_shape&quot;:&quot;circle&quot;}\" data-widget_type=\"form.default\">\n\t\t\t\t<div class=\"elementor-widget-container\">\n\t\t\t\t\t<form class=\"elementor-form\" method=\"post\" id=\"contact\" name=\"New Form\">\n\t\t\t<input type=\"hidden\" name=\"post_id\" value=\"1289\"\/>\n\t\t\t<input type=\"hidden\" name=\"form_id\" value=\"685cce78\"\/>\n\t\t\t<input type=\"hidden\" name=\"referer_title\" value=\"Ch\u00e2teau de Montabert\" \/>\n\n\t\t\t\n\t\t\t<div class=\"elementor-form-fields-wrapper elementor-labels-above\">\n\t\t\t\t\t\t\t\t<div class=\"elementor-field-type-text elementor-field-group elementor-column elementor-field-group-nom elementor-col-100\">\n\t\t\t\t\t\t\t\t\t\t\t\t\t<input size=\"1\" type=\"text\" name=\"form_fields[nom]\" id=\"form-field-nom\" class=\"elementor-field elementor-size-sm  elementor-field-textual\" placeholder=\"Last name, first name*\">\n\t\t\t\t\t\t\t\t\t\t\t<\/div>\n\t\t\t\t\t\t\t\t<div class=\"elementor-field-type-email elementor-field-group elementor-column elementor-field-group-email elementor-col-100 elementor-field-required\">\n\t\t\t\t\t\t\t\t\t\t\t\t\t<input size=\"1\" type=\"email\" name=\"form_fields[email]\" id=\"form-field-email\" class=\"elementor-field elementor-size-sm  elementor-field-textual\" placeholder=\"Email*\" required=\"required\">\n\t\t\t\t\t\t\t\t\t\t\t<\/div>\n\t\t\t\t\t\t\t\t<div class=\"elementor-field-type-textarea elementor-field-group elementor-column elementor-field-group-message elementor-col-100\">\n\t\t\t\t\t<textarea class=\"elementor-field-textual elementor-field  elementor-size-sm\" name=\"form_fields[message]\" id=\"form-field-message\" rows=\"4\" placeholder=\"Message*\"><\/textarea>\t\t\t\t<\/div>\n\t\t\t\t\t\t\t\t<div class=\"elementor-field-type-recaptcha_v3 elementor-field-group elementor-column elementor-field-group-field_5a46db1 elementor-col-100 recaptcha_v3-bottomright\">\n\t\t\t\t\t<div class=\"elementor-field\" id=\"form-field-field_5a46db1\"><div class=\"elementor-g-recaptcha\" data-sitekey=\"6LfloDwaAAAAALRJvVLmlmssPBqFrJsslnynYrKh\" data-type=\"v3\" data-action=\"Form\" data-badge=\"bottomright\" data-size=\"invisible\"><\/div><\/div>\t\t\t\t<\/div>\n\t\t\t\t\t\t\t\t<div class=\"elementor-field-group elementor-column elementor-field-type-submit elementor-col-100 e-form__buttons\">\n\t\t\t\t\t<button class=\"elementor-button elementor-size-sm\" type=\"submit\" id=\"envoi-contact\">\n\t\t\t\t\t\t<span class=\"elementor-button-content-wrapper\">\n\t\t\t\t\t\t\t\t\t\t\t\t\t\t\t<span class=\"elementor-button-icon\">\n\t\t\t\t\t\t\t\t\t<i aria-hidden=\"true\" class=\"far fa-envelope\"><\/i>\t\t\t\t\t\t\t\t\t\t\t\t\t\t\t\t\t<\/span>\n\t\t\t\t\t\t\t\t\t\t\t\t\t\t\t\t\t\t\t\t\t\t<span class=\"elementor-button-text\">Send<\/span>\n\t\t\t\t\t\t\t\t\t\t\t\t\t<\/span>\n\t\t\t\t\t<\/button>\n\t\t\t\t<\/div>\n\t\t\t<\/div>\n\t\t<\/form>\n\t\t\t\t<\/div>\n\t\t\t\t<\/div>\n\t\t\t\t\t<\/div>\n\t\t<\/div>\n\t\t\t\t<div class=\"elementor-column elementor-col-50 elementor-top-column elementor-element elementor-element-763bd004\" data-id=\"763bd004\" data-element_type=\"column\">\n\t\t\t<div class=\"elementor-widget-wrap elementor-element-populated\">\n\t\t\t\t\t\t<div class=\"elementor-element elementor-element-5363c167 elementor-widget elementor-widget-heading\" data-id=\"5363c167\" data-element_type=\"widget\" data-widget_type=\"heading.default\">\n\t\t\t\t<div class=\"elementor-widget-container\">\n\t\t\t<h2 class=\"elementor-heading-title elementor-size-default\">Contact details<\/h2>\t\t<\/div>\n\t\t\t\t<\/div>\n\t\t\t\t<div class=\"elementor-element elementor-element-24378bef elementor-icon-list--layout-traditional elementor-list-item-link-full_width elementor-widget elementor-widget-icon-list\" data-id=\"24378bef\" data-element_type=\"widget\" data-widget_type=\"icon-list.default\">\n\t\t\t\t<div class=\"elementor-widget-container\">\n\t\t\t\t\t<ul class=\"elementor-icon-list-items\">\n\t\t\t\t\t\t\t<li class=\"elementor-icon-list-item\">\n\t\t\t\t\t\t\t\t\t\t\t<span class=\"elementor-icon-list-icon\">\n\t\t\t\t\t\t\t<i aria-hidden=\"true\" class=\"fas fa-phone-alt\"><\/i>\t\t\t\t\t\t<\/span>\n\t\t\t\t\t\t\t\t\t\t<span class=\"elementor-icon-list-text\">+33 (0)3 25 80 57 09<\/span>\n\t\t\t\t\t\t\t\t\t<\/li>\n\t\t\t\t\t\t\t\t<li class=\"elementor-icon-list-item\">\n\t\t\t\t\t\t\t\t\t\t\t<span class=\"elementor-icon-list-icon\">\n\t\t\t\t\t\t\t<i aria-hidden=\"true\" class=\"fas fa-envelope\"><\/i>\t\t\t\t\t\t<\/span>\n\t\t\t\t\t\t\t\t\t\t<span class=\"elementor-icon-list-text\">contact@chateaudemontabert.fr<\/span>\n\t\t\t\t\t\t\t\t\t<\/li>\n\t\t\t\t\t\t\t\t<li class=\"elementor-icon-list-item\">\n\t\t\t\t\t\t\t\t\t\t\t<span class=\"elementor-icon-list-icon\">\n\t\t\t\t\t\t\t<i aria-hidden=\"true\" class=\"fas fa-map-marker-alt\"><\/i>\t\t\t\t\t\t<\/span>\n\t\t\t\t\t\t\t\t\t\t<span class=\"elementor-icon-list-text\">Ch\u00e2teau de Montabert 14 rue du Ch\u00e2teau - 10270 Montaulin<\/span>\n\t\t\t\t\t\t\t\t\t<\/li>\n\t\t\t\t\t\t<\/ul>\n\t\t\t\t<\/div>\n\t\t\t\t<\/div>\n\t\t\t\t<div class=\"elementor-element elementor-element-26f9fb76 elementor-shape-circle e-grid-align-left elementor-grid-0 elementor-widget elementor-widget-social-icons\" data-id=\"26f9fb76\" data-element_type=\"widget\" data-widget_type=\"social-icons.default\">\n\t\t\t\t<div class=\"elementor-widget-container\">\n\t\t\t\t\t<div class=\"elementor-social-icons-wrapper elementor-grid\">\n\t\t\t\t\t\t\t<span class=\"elementor-grid-item\">\n\t\t\t\t\t<a class=\"elementor-icon elementor-social-icon elementor-social-icon-facebook elementor-repeater-item-8f226d9\" href=\"https:\/\/www.facebook.com\/chateaudemontabert\/\" target=\"_blank\">\n\t\t\t\t\t\t<span class=\"elementor-screen-only\">Facebook<\/span>\n\t\t\t\t\t\t<i class=\"fab fa-facebook\"><\/i>\t\t\t\t\t<\/a>\n\t\t\t\t<\/span>\n\t\t\t\t\t\t\t<span class=\"elementor-grid-item\">\n\t\t\t\t\t<a class=\"elementor-icon elementor-social-icon elementor-social-icon-tripadvisor elementor-repeater-item-1a37496\" href=\"https:\/\/www.tripadvisor.fr\/Hotel_Review-g12076434-d11622575-Reviews-Chateau_de_Montabert-Montaulin_Aube_Grand_Est.html\" target=\"_blank\">\n\t\t\t\t\t\t<span class=\"elementor-screen-only\">Tripadvisor<\/span>\n\t\t\t\t\t\t<i class=\"fab fa-tripadvisor\"><\/i>\t\t\t\t\t<\/a>\n\t\t\t\t<\/span>\n\t\t\t\t\t<\/div>\n\t\t\t\t<\/div>\n\t\t\t\t<\/div>\n\t\t\t\t\t<\/div>\n\t\t<\/div>\n\t\t\t\t\t<\/div>\n\t\t<\/section>\n\t\t\t\t<\/div>\n\t\t","protected":false},"excerpt":{"rendered":"Need informations ? Contact us ! Contact form Contact details +33 (0)3 25 80 57 09 contact@chateaudemontabert.fr Ch\u00e2teau de Montabert 14 rue du Ch\u00e2teau &#8211; 10270 Montaulin Facebook Tripadvisor","protected":false},"author":2,"featured_media":905,"parent":0,"menu_order":0,"comment_status":"closed","ping_status":"closed","template":"elementor_header_footer","meta":{"footnotes":""},"class_list":["post-1289","page","type-page","status-publish","has-post-thumbnail","hentry"],"yoast_head":"<!-- This site is optimized with the Yoast SEO plugin v26.5 - https:\/\/yoast.com\/wordpress\/plugins\/seo\/ -->\n<title>Contact us | Ch\u00e2teau de Montabert<\/title>\n<meta name=\"description\" content=\"Would you like to contact Ch\u00e2teau de Montabert? Do not hesitate to use our form!\" \/>\n<meta name=\"robots\" content=\"index, follow, max-snippet:-1, max-image-preview:large, max-video-preview:-1\" \/>\n<link rel=\"canonical\" href=\"https:\/\/chateaudemontabert.fr\/en\/contact-us-2\/\" \/>\n<meta property=\"og:locale\" content=\"en_US\" \/>\n<meta property=\"og:type\" content=\"article\" \/>\n<meta property=\"og:title\" content=\"Contact us | Ch\u00e2teau de Montabert\" \/>\n<meta property=\"og:description\" content=\"Would you like to contact Ch\u00e2teau de Montabert? Do not hesitate to use our form!\" \/>\n<meta property=\"og:url\" content=\"https:\/\/chateaudemontabert.fr\/en\/contact-us-2\/\" \/>\n<meta property=\"og:site_name\" content=\"Ch\u00e2teau de Montabert\" \/>\n<meta property=\"article:modified_time\" content=\"2021-08-12T13:42:49+00:00\" \/>\n<meta property=\"og:image\" content=\"https:\/\/chateaudemontabert.fr\/wp-content\/uploads\/2016\/05\/flea-market-1262036_1920.jpg\" \/>\n\t<meta property=\"og:image:width\" content=\"1920\" \/>\n\t<meta property=\"og:image:height\" content=\"1280\" \/>\n\t<meta property=\"og:image:type\" content=\"image\/jpeg\" \/>\n<meta name=\"twitter:card\" content=\"summary_large_image\" \/>\n<script type=\"application\/ld+json\" class=\"yoast-schema-graph\">{\"@context\":\"https:\/\/schema.org\",\"@graph\":[{\"@type\":\"WebPage\",\"@id\":\"https:\/\/chateaudemontabert.fr\/en\/contact-us-2\/\",\"url\":\"https:\/\/chateaudemontabert.fr\/en\/contact-us-2\/\",\"name\":\"Contact us | Ch\u00e2teau de Montabert\",\"isPartOf\":{\"@id\":\"https:\/\/chateaudemontabert.fr\/#website\"},\"primaryImageOfPage\":{\"@id\":\"https:\/\/chateaudemontabert.fr\/en\/contact-us-2\/#primaryimage\"},\"image\":{\"@id\":\"https:\/\/chateaudemontabert.fr\/en\/contact-us-2\/#primaryimage\"},\"thumbnailUrl\":\"https:\/\/chateaudemontabert.fr\/wp-content\/uploads\/2016\/05\/flea-market-1262036_1920.jpg\",\"datePublished\":\"2021-02-02T08:15:27+00:00\",\"dateModified\":\"2021-08-12T13:42:49+00:00\",\"description\":\"Would you like to contact Ch\u00e2teau de Montabert? Do not hesitate to use our form!\",\"breadcrumb\":{\"@id\":\"https:\/\/chateaudemontabert.fr\/en\/contact-us-2\/#breadcrumb\"},\"inLanguage\":\"en-US\",\"potentialAction\":[{\"@type\":\"ReadAction\",\"target\":[\"https:\/\/chateaudemontabert.fr\/en\/contact-us-2\/\"]}]},{\"@type\":\"ImageObject\",\"inLanguage\":\"en-US\",\"@id\":\"https:\/\/chateaudemontabert.fr\/en\/contact-us-2\/#primaryimage\",\"url\":\"https:\/\/chateaudemontabert.fr\/wp-content\/uploads\/2016\/05\/flea-market-1262036_1920.jpg\",\"contentUrl\":\"https:\/\/chateaudemontabert.fr\/wp-content\/uploads\/2016\/05\/flea-market-1262036_1920.jpg\",\"width\":1920,\"height\":1280},{\"@type\":\"BreadcrumbList\",\"@id\":\"https:\/\/chateaudemontabert.fr\/en\/contact-us-2\/#breadcrumb\",\"itemListElement\":[{\"@type\":\"ListItem\",\"position\":1,\"name\":\"Home\",\"item\":\"https:\/\/chateaudemontabert.fr\/en\/\"},{\"@type\":\"ListItem\",\"position\":2,\"name\":\"Contact us\"}]},{\"@type\":\"WebSite\",\"@id\":\"https:\/\/chateaudemontabert.fr\/#website\",\"url\":\"https:\/\/chateaudemontabert.fr\/\",\"name\":\"Ch\u00e2teau de Montabert\",\"description\":\"D\u00e9couvrez le Ch\u00e2teau de Montabert, Chambres d&#039;H\u00f4tes de luxe pr\u00e8s de Troyes \u00e0 deux pas du Parc de la For\u00eat d&#039;Orient avec piscine chauff\u00e9e dans un parc de 14 hectares\",\"potentialAction\":[{\"@type\":\"SearchAction\",\"target\":{\"@type\":\"EntryPoint\",\"urlTemplate\":\"https:\/\/chateaudemontabert.fr\/?s={search_term_string}\"},\"query-input\":{\"@type\":\"PropertyValueSpecification\",\"valueRequired\":true,\"valueName\":\"search_term_string\"}}],\"inLanguage\":\"en-US\"}]}<\/script>\n<!-- \/ Yoast SEO plugin. -->","yoast_head_json":{"title":"Contact us | Ch\u00e2teau de Montabert","description":"Would you like to contact Ch\u00e2teau de Montabert? Do not hesitate to use our form!","robots":{"index":"index","follow":"follow","max-snippet":"max-snippet:-1","max-image-preview":"max-image-preview:large","max-video-preview":"max-video-preview:-1"},"canonical":"https:\/\/chateaudemontabert.fr\/en\/contact-us-2\/","og_locale":"en_US","og_type":"article","og_title":"Contact us | Ch\u00e2teau de Montabert","og_description":"Would you like to contact Ch\u00e2teau de Montabert? Do not hesitate to use our form!","og_url":"https:\/\/chateaudemontabert.fr\/en\/contact-us-2\/","og_site_name":"Ch\u00e2teau de Montabert","article_modified_time":"2021-08-12T13:42:49+00:00","og_image":[{"width":1920,"height":1280,"url":"https:\/\/chateaudemontabert.fr\/wp-content\/uploads\/2016\/05\/flea-market-1262036_1920.jpg","type":"image\/jpeg"}],"twitter_card":"summary_large_image","schema":{"@context":"https:\/\/schema.org","@graph":[{"@type":"WebPage","@id":"https:\/\/chateaudemontabert.fr\/en\/contact-us-2\/","url":"https:\/\/chateaudemontabert.fr\/en\/contact-us-2\/","name":"Contact us | Ch\u00e2teau de Montabert","isPartOf":{"@id":"https:\/\/chateaudemontabert.fr\/#website"},"primaryImageOfPage":{"@id":"https:\/\/chateaudemontabert.fr\/en\/contact-us-2\/#primaryimage"},"image":{"@id":"https:\/\/chateaudemontabert.fr\/en\/contact-us-2\/#primaryimage"},"thumbnailUrl":"https:\/\/chateaudemontabert.fr\/wp-content\/uploads\/2016\/05\/flea-market-1262036_1920.jpg","datePublished":"2021-02-02T08:15:27+00:00","dateModified":"2021-08-12T13:42:49+00:00","description":"Would you like to contact Ch\u00e2teau de Montabert? Do not hesitate to use our form!","breadcrumb":{"@id":"https:\/\/chateaudemontabert.fr\/en\/contact-us-2\/#breadcrumb"},"inLanguage":"en-US","potentialAction":[{"@type":"ReadAction","target":["https:\/\/chateaudemontabert.fr\/en\/contact-us-2\/"]}]},{"@type":"ImageObject","inLanguage":"en-US","@id":"https:\/\/chateaudemontabert.fr\/en\/contact-us-2\/#primaryimage","url":"https:\/\/chateaudemontabert.fr\/wp-content\/uploads\/2016\/05\/flea-market-1262036_1920.jpg","contentUrl":"https:\/\/chateaudemontabert.fr\/wp-content\/uploads\/2016\/05\/flea-market-1262036_1920.jpg","width":1920,"height":1280},{"@type":"BreadcrumbList","@id":"https:\/\/chateaudemontabert.fr\/en\/contact-us-2\/#breadcrumb","itemListElement":[{"@type":"ListItem","position":1,"name":"Home","item":"https:\/\/chateaudemontabert.fr\/en\/"},{"@type":"ListItem","position":2,"name":"Contact us"}]},{"@type":"WebSite","@id":"https:\/\/chateaudemontabert.fr\/#website","url":"https:\/\/chateaudemontabert.fr\/","name":"Ch\u00e2teau de Montabert","description":"D\u00e9couvrez le Ch\u00e2teau de Montabert, Chambres d&#039;H\u00f4tes de luxe pr\u00e8s de Troyes \u00e0 deux pas du Parc de la For\u00eat d&#039;Orient avec piscine chauff\u00e9e dans un parc de 14 hectares","potentialAction":[{"@type":"SearchAction","target":{"@type":"EntryPoint","urlTemplate":"https:\/\/chateaudemontabert.fr\/?s={search_term_string}"},"query-input":{"@type":"PropertyValueSpecification","valueRequired":true,"valueName":"search_term_string"}}],"inLanguage":"en-US"}]}},"_links":{"self":[{"href":"https:\/\/chateaudemontabert.fr\/en\/wp-json\/wp\/v2\/pages\/1289","targetHints":{"allow":["GET"]}}],"collection":[{"href":"https:\/\/chateaudemontabert.fr\/en\/wp-json\/wp\/v2\/pages"}],"about":[{"href":"https:\/\/chateaudemontabert.fr\/en\/wp-json\/wp\/v2\/types\/page"}],"author":[{"embeddable":true,"href":"https:\/\/chateaudemontabert.fr\/en\/wp-json\/wp\/v2\/users\/2"}],"replies":[{"embeddable":true,"href":"https:\/\/chateaudemontabert.fr\/en\/wp-json\/wp\/v2\/comments?post=1289"}],"version-history":[{"count":0,"href":"https:\/\/chateaudemontabert.fr\/en\/wp-json\/wp\/v2\/pages\/1289\/revisions"}],"wp:featuredmedia":[{"embeddable":true,"href":"https:\/\/chateaudemontabert.fr\/en\/wp-json\/wp\/v2\/media\/905"}],"wp:attachment":[{"href":"https:\/\/chateaudemontabert.fr\/en\/wp-json\/wp\/v2\/media?parent=1289"}],"curies":[{"name":"wp","href":"https:\/\/api.w.org\/{rel}","templated":true}]}}