{"id":1805,"date":"2021-11-30T08:14:42","date_gmt":"2021-11-30T07:14:42","guid":{"rendered":"https:\/\/chateaudemontabert.fr\/?page_id=1805"},"modified":"2021-11-30T08:14:44","modified_gmt":"2021-11-30T07:14:44","slug":"new-year-offer","status":"publish","type":"page","link":"https:\/\/chateaudemontabert.fr\/en\/new-year-offer\/","title":{"rendered":"New Year Offer"},"content":{"rendered":"\t\t<div data-elementor-type=\"wp-page\" data-elementor-id=\"1805\" class=\"elementor elementor-1805 elementor-1804\" data-elementor-post-type=\"page\">\n\t\t\t\t\t\t<section class=\"elementor-section elementor-top-section elementor-element elementor-element-cf91d8c elementor-section-full_width elementor-section-height-default elementor-section-height-default\" data-id=\"cf91d8c\" data-element_type=\"section\" data-settings=\"{&quot;background_background&quot;:&quot;classic&quot;}\">\n\t\t\t\t\t\t\t<div class=\"elementor-background-overlay\"><\/div>\n\t\t\t\t\t\t\t<div class=\"elementor-container elementor-column-gap-default\">\n\t\t\t\t\t<div class=\"elementor-column elementor-col-100 elementor-top-column elementor-element elementor-element-79fe863\" data-id=\"79fe863\" data-element_type=\"column\">\n\t\t\t<div class=\"elementor-widget-wrap elementor-element-populated\">\n\t\t\t\t\t\t<div class=\"elementor-element elementor-element-22efad4 elementor-widget elementor-widget-heading\" data-id=\"22efad4\" data-element_type=\"widget\" data-widget_type=\"heading.default\">\n\t\t\t\t<div class=\"elementor-widget-container\">\n\t\t\t<h1 class=\"elementor-heading-title elementor-size-default\">Our rooms <br><span class=\"titre-bleu\"> luxury<\/span><\/h1>\t\t<\/div>\n\t\t\t\t<\/div>\n\t\t\t\t\t<\/div>\n\t\t<\/div>\n\t\t\t\t\t<\/div>\n\t\t<\/section>\n\t\t\t\t<section class=\"elementor-section elementor-top-section elementor-element elementor-element-8210ccc elementor-section-content-middle elementor-section-boxed elementor-section-height-default elementor-section-height-default\" data-id=\"8210ccc\" data-element_type=\"section\">\n\t\t\t\t\t\t<div class=\"elementor-container elementor-column-gap-wide\">\n\t\t\t\t\t<div class=\"elementor-column elementor-col-50 elementor-top-column elementor-element elementor-element-cd20846\" data-id=\"cd20846\" data-element_type=\"column\">\n\t\t\t<div class=\"elementor-widget-wrap elementor-element-populated\">\n\t\t\t\t\t\t<div class=\"elementor-element elementor-element-e0da9bb elementor-widget elementor-widget-heading\" data-id=\"e0da9bb\" data-element_type=\"widget\" data-widget_type=\"heading.default\">\n\t\t\t\t<div class=\"elementor-widget-container\">\n\t\t\t<h2 class=\"elementor-heading-title elementor-size-default\">New Year's Eve Offer<\/h2>\t\t<\/div>\n\t\t\t\t<\/div>\n\t\t\t\t<div class=\"elementor-element elementor-element-c5b0f17 elementor-icon-list--layout-traditional elementor-list-item-link-full_width elementor-widget elementor-widget-icon-list\" data-id=\"c5b0f17\" data-element_type=\"widget\" data-widget_type=\"icon-list.default\">\n\t\t\t\t<div class=\"elementor-widget-container\">\n\t\t\t\t\t<ul class=\"elementor-icon-list-items\">\n\t\t\t\t\t\t\t<li class=\"elementor-icon-list-item\">\n\t\t\t\t\t\t\t\t\t\t\t<span class=\"elementor-icon-list-icon\">\n\t\t\t\t\t\t\t<i aria-hidden=\"true\" class=\"fas fa-bed\"><\/i>\t\t\t\t\t\t<\/span>\n\t\t\t\t\t\t\t\t\t\t<span class=\"elementor-icon-list-text\">2 nights in the room of your choice, for 2 persons, breakfast included<\/span>\n\t\t\t\t\t\t\t\t\t<\/li>\n\t\t\t\t\t\t\t\t<li class=\"elementor-icon-list-item\">\n\t\t\t\t\t\t\t\t\t\t\t<span class=\"elementor-icon-list-icon\">\n\t\t\t\t\t\t\t<i aria-hidden=\"true\" class=\"fas fa-glass-cheers\"><\/i>\t\t\t\t\t\t<\/span>\n\t\t\t\t\t\t\t\t\t\t<span class=\"elementor-icon-list-text\">New Year's Eve menu for 2 people, for dinner on 31 December<\/span>\n\t\t\t\t\t\t\t\t\t<\/li>\n\t\t\t\t\t\t\t\t<li class=\"elementor-icon-list-item\">\n\t\t\t\t\t\t\t\t\t\t\t<span class=\"elementor-icon-list-icon\">\n\t\t\t\t\t\t\t<i aria-hidden=\"true\" class=\"far fa-star\"><\/i>\t\t\t\t\t\t<\/span>\n\t\t\t\t\t\t\t\t\t\t<span class=\"elementor-icon-list-text\">Access to the relaxation area (sauna, jacuzzi) for 1 hour<\/span>\n\t\t\t\t\t\t\t\t\t<\/li>\n\t\t\t\t\t\t<\/ul>\n\t\t\t\t<\/div>\n\t\t\t\t<\/div>\n\t\t\t\t<section class=\"elementor-section elementor-inner-section elementor-element elementor-element-225f46f elementor-section-content-middle elementor-section-boxed elementor-section-height-default elementor-section-height-default\" data-id=\"225f46f\" data-element_type=\"section\">\n\t\t\t\t\t\t<div class=\"elementor-container elementor-column-gap-default\">\n\t\t\t\t\t<div class=\"elementor-column elementor-col-50 elementor-inner-column elementor-element elementor-element-6b518c4\" data-id=\"6b518c4\" data-element_type=\"column\">\n\t\t\t<div class=\"elementor-widget-wrap elementor-element-populated\">\n\t\t\t\t\t\t<div class=\"elementor-element elementor-element-02fdd09 elementor-widget elementor-widget-heading\" data-id=\"02fdd09\" data-element_type=\"widget\" data-widget_type=\"heading.default\">\n\t\t\t\t<div class=\"elementor-widget-container\">\n\t\t\t<span class=\"elementor-heading-title elementor-size-default\">From<br><b><span class=\"titre-bleu\">424\u20ac<\/span><\/b><\/span>\t\t<\/div>\n\t\t\t\t<\/div>\n\t\t\t\t\t<\/div>\n\t\t<\/div>\n\t\t\t\t<div class=\"elementor-column elementor-col-50 elementor-inner-column elementor-element elementor-element-9809a22\" data-id=\"9809a22\" data-element_type=\"column\">\n\t\t\t<div class=\"elementor-widget-wrap elementor-element-populated\">\n\t\t\t\t\t\t<div class=\"elementor-element elementor-element-9b7a469 elementor-align-center elementor-widget elementor-widget-button\" data-id=\"9b7a469\" data-element_type=\"widget\" data-widget_type=\"button.default\">\n\t\t\t\t<div class=\"elementor-widget-container\">\n\t\t\t\t\t\t\t<div class=\"elementor-button-wrapper\">\n\t\t\t\t\t<a class=\"elementor-button elementor-button-link elementor-size-xs\" href=\"https:\/\/reservation.v2.ke-booking.com\/pac\/property?pid=P9962292&#038;tok=Pa1e2ea9b35c5fd5c7055aec1&#038;krc=98defd6ee70dfb1dea416cecdf391f58&#038;lang=fr\" target=\"_blank\" id=\"reservation-nouvelan\">\n\t\t\t\t\t\t<span class=\"elementor-button-content-wrapper\">\n\t\t\t\t\t\t<span class=\"elementor-button-icon\">\n\t\t\t\t<i aria-hidden=\"true\" class=\"far fa-calendar-alt\"><\/i>\t\t\t<\/span>\n\t\t\t\t\t\t\t\t\t<span class=\"elementor-button-text\">Book now<\/span>\n\t\t\t\t\t<\/span>\n\t\t\t\t\t<\/a>\n\t\t\t\t<\/div>\n\t\t\t\t\t\t<\/div>\n\t\t\t\t<\/div>\n\t\t\t\t\t<\/div>\n\t\t<\/div>\n\t\t\t\t\t<\/div>\n\t\t<\/section>\n\t\t\t\t<div class=\"elementor-element elementor-element-17ed39e elementor-widget-divider--view-line elementor-widget elementor-widget-divider\" data-id=\"17ed39e\" data-element_type=\"widget\" data-widget_type=\"divider.default\">\n\t\t\t\t<div class=\"elementor-widget-container\">\n\t\t\t\t\t<div class=\"elementor-divider\">\n\t\t\t<span class=\"elementor-divider-separator\">\n\t\t\t\t\t\t<\/span>\n\t\t<\/div>\n\t\t\t\t<\/div>\n\t\t\t\t<\/div>\n\t\t\t\t<div class=\"elementor-element elementor-element-5ff724d elementor-widget elementor-widget-heading\" data-id=\"5ff724d\" data-element_type=\"widget\" data-widget_type=\"heading.default\">\n\t\t\t\t<div class=\"elementor-widget-container\">\n\t\t\t<h2 class=\"elementor-heading-title elementor-size-default\">New Year's Eve Offer<\/h2>\t\t<\/div>\n\t\t\t\t<\/div>\n\t\t\t\t<div class=\"elementor-element elementor-element-f4774cb elementor-icon-list--layout-traditional elementor-list-item-link-full_width elementor-widget elementor-widget-icon-list\" data-id=\"f4774cb\" data-element_type=\"widget\" data-widget_type=\"icon-list.default\">\n\t\t\t\t<div class=\"elementor-widget-container\">\n\t\t\t\t\t<ul class=\"elementor-icon-list-items\">\n\t\t\t\t\t\t\t<li class=\"elementor-icon-list-item\">\n\t\t\t\t\t\t\t\t\t\t\t<span class=\"elementor-icon-list-icon\">\n\t\t\t\t\t\t\t<i aria-hidden=\"true\" class=\"fas fa-bed\"><\/i>\t\t\t\t\t\t<\/span>\n\t\t\t\t\t\t\t\t\t\t<span class=\"elementor-icon-list-text\">One night in the room of your choice, for 2 people, breakfast included<\/span>\n\t\t\t\t\t\t\t\t\t<\/li>\n\t\t\t\t\t\t\t\t<li class=\"elementor-icon-list-item\">\n\t\t\t\t\t\t\t\t\t\t\t<span class=\"elementor-icon-list-icon\">\n\t\t\t\t\t\t\t<i aria-hidden=\"true\" class=\"fas fa-glass-cheers\"><\/i>\t\t\t\t\t\t<\/span>\n\t\t\t\t\t\t\t\t\t\t<span class=\"elementor-icon-list-text\">New Year's Eve menu for 2 people, for dinner on 31 December<\/span>\n\t\t\t\t\t\t\t\t\t<\/li>\n\t\t\t\t\t\t<\/ul>\n\t\t\t\t<\/div>\n\t\t\t\t<\/div>\n\t\t\t\t<section class=\"elementor-section elementor-inner-section elementor-element elementor-element-b657cce elementor-section-content-middle elementor-section-boxed elementor-section-height-default elementor-section-height-default\" data-id=\"b657cce\" data-element_type=\"section\">\n\t\t\t\t\t\t<div class=\"elementor-container elementor-column-gap-default\">\n\t\t\t\t\t<div class=\"elementor-column elementor-col-50 elementor-inner-column elementor-element elementor-element-45f3971\" data-id=\"45f3971\" data-element_type=\"column\">\n\t\t\t<div class=\"elementor-widget-wrap elementor-element-populated\">\n\t\t\t\t\t\t<div class=\"elementor-element elementor-element-2f947c4 elementor-widget elementor-widget-heading\" data-id=\"2f947c4\" data-element_type=\"widget\" data-widget_type=\"heading.default\">\n\t\t\t\t<div class=\"elementor-widget-container\">\n\t\t\t<span class=\"elementor-heading-title elementor-size-default\">From<br><b><span class=\"titre-bleu\">249\u20ac<\/span><\/b><\/span>\t\t<\/div>\n\t\t\t\t<\/div>\n\t\t\t\t\t<\/div>\n\t\t<\/div>\n\t\t\t\t<div class=\"elementor-column elementor-col-50 elementor-inner-column elementor-element elementor-element-adb7d26\" data-id=\"adb7d26\" data-element_type=\"column\">\n\t\t\t<div class=\"elementor-widget-wrap elementor-element-populated\">\n\t\t\t\t\t\t<div class=\"elementor-element elementor-element-9406d84 elementor-align-center elementor-widget elementor-widget-button\" data-id=\"9406d84\" data-element_type=\"widget\" data-widget_type=\"button.default\">\n\t\t\t\t<div class=\"elementor-widget-container\">\n\t\t\t\t\t\t\t<div class=\"elementor-button-wrapper\">\n\t\t\t\t\t<a class=\"elementor-button elementor-button-link elementor-size-xs\" href=\"https:\/\/reservation.ke-booking.com\/acc\/v2\/show?tok=Pa1e2ea9b35c5fd5c7055aec1&#038;pid=P9962292&#038;klang=fr&#038;krc=98defd6ee70dfb1dea416cecdf391f58\" target=\"_blank\" id=\"reservation-nouvelan\">\n\t\t\t\t\t\t<span class=\"elementor-button-content-wrapper\">\n\t\t\t\t\t\t<span class=\"elementor-button-icon\">\n\t\t\t\t<i aria-hidden=\"true\" class=\"far fa-calendar-alt\"><\/i>\t\t\t<\/span>\n\t\t\t\t\t\t\t\t\t<span class=\"elementor-button-text\">Book now<\/span>\n\t\t\t\t\t<\/span>\n\t\t\t\t\t<\/a>\n\t\t\t\t<\/div>\n\t\t\t\t\t\t<\/div>\n\t\t\t\t<\/div>\n\t\t\t\t\t<\/div>\n\t\t<\/div>\n\t\t\t\t\t<\/div>\n\t\t<\/section>\n\t\t\t\t\t<\/div>\n\t\t<\/div>\n\t\t\t\t<div class=\"elementor-column elementor-col-50 elementor-top-column elementor-element elementor-element-bdb824a\" data-id=\"bdb824a\" data-element_type=\"column\">\n\t\t\t<div class=\"elementor-widget-wrap elementor-element-populated\">\n\t\t\t\t\t\t<section class=\"elementor-section elementor-inner-section elementor-element elementor-element-7b149ff elementor-section-boxed elementor-section-height-default elementor-section-height-default\" data-id=\"7b149ff\" data-element_type=\"section\">\n\t\t\t\t\t\t<div class=\"elementor-container elementor-column-gap-default\">\n\t\t\t\t\t<div class=\"elementor-column elementor-col-100 elementor-inner-column elementor-element elementor-element-c438b8e\" data-id=\"c438b8e\" data-element_type=\"column\">\n\t\t\t<div class=\"elementor-widget-wrap elementor-element-populated\">\n\t\t\t\t\t\t<div class=\"elementor-element elementor-element-ca4ca24 elementor-view-default elementor-widget elementor-widget-icon\" data-id=\"ca4ca24\" data-element_type=\"widget\" data-widget_type=\"icon.default\">\n\t\t\t\t<div class=\"elementor-widget-container\">\n\t\t\t\t\t<div class=\"elementor-icon-wrapper\">\n\t\t\t<div class=\"elementor-icon\">\n\t\t\t<i aria-hidden=\"true\" class=\"fas fa-glass-cheers\"><\/i>\t\t\t<\/div>\n\t\t<\/div>\n\t\t\t\t<\/div>\n\t\t\t\t<\/div>\n\t\t\t\t<div class=\"elementor-element elementor-element-96ad3db elementor-widget elementor-widget-heading\" data-id=\"96ad3db\" data-element_type=\"widget\" data-widget_type=\"heading.default\">\n\t\t\t\t<div class=\"elementor-widget-container\">\n\t\t\t<h2 class=\"elementor-heading-title elementor-size-default\">New Year's Eve menu<\/h2>\t\t<\/div>\n\t\t\t\t<\/div>\n\t\t\t\t<div class=\"elementor-element elementor-element-772a33f elementor-widget elementor-widget-text-editor\" data-id=\"772a33f\" data-element_type=\"widget\" data-widget_type=\"text-editor.default\">\n\t\t\t\t<div class=\"elementor-widget-container\">\n\t\t\t\t\t\t\t<p>Glass of Champagne and appetizers, background music<br \/>\nStarter<br \/>\nMain course<br \/>\nCheese platter<br \/>\nDessert<br \/>\nHot drink<\/p>\n\t\t\t\t\t\t<\/div>\n\t\t\t\t<\/div>\n\t\t\t\t\t<\/div>\n\t\t<\/div>\n\t\t\t\t\t<\/div>\n\t\t<\/section>\n\t\t\t\t\t<\/div>\n\t\t<\/div>\n\t\t\t\t\t<\/div>\n\t\t<\/section>\n\t\t\t\t<\/div>\n\t\t","protected":false},"excerpt":{"rendered":"Our rooms luxury New Year&#8217;s Eve Offer 2 nights in the room of your choice, for 2 persons, breakfast included New Year&#8217;s Eve menu for 2 people, for dinner on 31 December Access to the relaxation area (sauna, jacuzzi) for 1 hour From424\u20ac Book now New Year&#8217;s Eve Offer One night in the room of&#8230; <a class=\"view-article\" href=\"https:\/\/chateaudemontabert.fr\/en\/new-year-offer\/\">View Article<\/a>","protected":false},"author":2,"featured_media":1785,"parent":0,"menu_order":0,"comment_status":"closed","ping_status":"closed","template":"elementor_header_footer","meta":{"footnotes":""},"class_list":["post-1805","page","type-page","status-publish","has-post-thumbnail","hentry"],"yoast_head":"<!-- This site is optimized with the Yoast SEO plugin v26.5 - https:\/\/yoast.com\/wordpress\/plugins\/seo\/ -->\n<title>Luxury guest rooms | Ch\u00e2teau de Montabert<\/title>\n<meta name=\"description\" content=\"Discover our Luxury rooms, guest rooms in the Louis XVI style offering a breathtaking view of our 14-hectare park and unequalled comfort with numerous services.\" \/>\n<meta name=\"robots\" content=\"index, follow, max-snippet:-1, max-image-preview:large, max-video-preview:-1\" \/>\n<link rel=\"canonical\" href=\"https:\/\/chateaudemontabert.fr\/en\/new-year-offer\/\" \/>\n<meta property=\"og:locale\" content=\"en_US\" \/>\n<meta property=\"og:type\" content=\"article\" \/>\n<meta property=\"og:title\" content=\"Luxury guest rooms | Ch\u00e2teau de Montabert\" \/>\n<meta property=\"og:description\" content=\"Discover our Luxury rooms, guest rooms in the Louis XVI style offering a breathtaking view of our 14-hectare park and unequalled comfort with numerous services.\" \/>\n<meta property=\"og:url\" content=\"https:\/\/chateaudemontabert.fr\/en\/new-year-offer\/\" \/>\n<meta property=\"og:site_name\" content=\"Ch\u00e2teau de Montabert\" \/>\n<meta property=\"article:modified_time\" content=\"2021-11-30T07:14:44+00:00\" \/>\n<meta property=\"og:image\" content=\"https:\/\/chateaudemontabert.fr\/wp-content\/uploads\/2021\/11\/nouvel-an-e1637582750385.jpg\" \/>\n\t<meta property=\"og:image:width\" content=\"1000\" \/>\n\t<meta property=\"og:image:height\" content=\"667\" \/>\n\t<meta property=\"og:image:type\" content=\"image\/jpeg\" \/>\n<meta name=\"twitter:card\" content=\"summary_large_image\" \/>\n<meta name=\"twitter:label1\" content=\"Est. reading time\" \/>\n\t<meta name=\"twitter:data1\" content=\"8 minutes\" \/>\n<script type=\"application\/ld+json\" class=\"yoast-schema-graph\">{\"@context\":\"https:\/\/schema.org\",\"@graph\":[{\"@type\":\"WebPage\",\"@id\":\"https:\/\/chateaudemontabert.fr\/en\/new-year-offer\/\",\"url\":\"https:\/\/chateaudemontabert.fr\/en\/new-year-offer\/\",\"name\":\"Luxury guest rooms | Ch\u00e2teau de Montabert\",\"isPartOf\":{\"@id\":\"https:\/\/chateaudemontabert.fr\/#website\"},\"primaryImageOfPage\":{\"@id\":\"https:\/\/chateaudemontabert.fr\/en\/new-year-offer\/#primaryimage\"},\"image\":{\"@id\":\"https:\/\/chateaudemontabert.fr\/en\/new-year-offer\/#primaryimage\"},\"thumbnailUrl\":\"https:\/\/chateaudemontabert.fr\/wp-content\/uploads\/2021\/11\/nouvel-an-e1637582750385.jpg\",\"datePublished\":\"2021-11-30T07:14:42+00:00\",\"dateModified\":\"2021-11-30T07:14:44+00:00\",\"description\":\"Discover our Luxury rooms, guest rooms in the Louis XVI style offering a breathtaking view of our 14-hectare park and unequalled comfort with numerous services.\",\"breadcrumb\":{\"@id\":\"https:\/\/chateaudemontabert.fr\/en\/new-year-offer\/#breadcrumb\"},\"inLanguage\":\"en-US\",\"potentialAction\":[{\"@type\":\"ReadAction\",\"target\":[\"https:\/\/chateaudemontabert.fr\/en\/new-year-offer\/\"]}]},{\"@type\":\"ImageObject\",\"inLanguage\":\"en-US\",\"@id\":\"https:\/\/chateaudemontabert.fr\/en\/new-year-offer\/#primaryimage\",\"url\":\"https:\/\/chateaudemontabert.fr\/wp-content\/uploads\/2021\/11\/nouvel-an-e1637582750385.jpg\",\"contentUrl\":\"https:\/\/chateaudemontabert.fr\/wp-content\/uploads\/2021\/11\/nouvel-an-e1637582750385.jpg\",\"width\":1000,\"height\":667},{\"@type\":\"BreadcrumbList\",\"@id\":\"https:\/\/chateaudemontabert.fr\/en\/new-year-offer\/#breadcrumb\",\"itemListElement\":[{\"@type\":\"ListItem\",\"position\":1,\"name\":\"Home\",\"item\":\"https:\/\/chateaudemontabert.fr\/en\/\"},{\"@type\":\"ListItem\",\"position\":2,\"name\":\"New Year Offer\"}]},{\"@type\":\"WebSite\",\"@id\":\"https:\/\/chateaudemontabert.fr\/#website\",\"url\":\"https:\/\/chateaudemontabert.fr\/\",\"name\":\"Ch\u00e2teau de Montabert\",\"description\":\"D\u00e9couvrez le Ch\u00e2teau de Montabert, Chambres d&#039;H\u00f4tes de luxe pr\u00e8s de Troyes \u00e0 deux pas du Parc de la For\u00eat d&#039;Orient avec piscine chauff\u00e9e dans un parc de 14 hectares\",\"potentialAction\":[{\"@type\":\"SearchAction\",\"target\":{\"@type\":\"EntryPoint\",\"urlTemplate\":\"https:\/\/chateaudemontabert.fr\/?s={search_term_string}\"},\"query-input\":{\"@type\":\"PropertyValueSpecification\",\"valueRequired\":true,\"valueName\":\"search_term_string\"}}],\"inLanguage\":\"en-US\"}]}<\/script>\n<!-- \/ Yoast SEO plugin. -->","yoast_head_json":{"title":"Luxury guest rooms | Ch\u00e2teau de Montabert","description":"Discover our Luxury rooms, guest rooms in the Louis XVI style offering a breathtaking view of our 14-hectare park and unequalled comfort with numerous services.","robots":{"index":"index","follow":"follow","max-snippet":"max-snippet:-1","max-image-preview":"max-image-preview:large","max-video-preview":"max-video-preview:-1"},"canonical":"https:\/\/chateaudemontabert.fr\/en\/new-year-offer\/","og_locale":"en_US","og_type":"article","og_title":"Luxury guest rooms | Ch\u00e2teau de Montabert","og_description":"Discover our Luxury rooms, guest rooms in the Louis XVI style offering a breathtaking view of our 14-hectare park and unequalled comfort with numerous services.","og_url":"https:\/\/chateaudemontabert.fr\/en\/new-year-offer\/","og_site_name":"Ch\u00e2teau de Montabert","article_modified_time":"2021-11-30T07:14:44+00:00","og_image":[{"width":1000,"height":667,"url":"https:\/\/chateaudemontabert.fr\/wp-content\/uploads\/2021\/11\/nouvel-an-e1637582750385.jpg","type":"image\/jpeg"}],"twitter_card":"summary_large_image","twitter_misc":{"Est. reading time":"8 minutes"},"schema":{"@context":"https:\/\/schema.org","@graph":[{"@type":"WebPage","@id":"https:\/\/chateaudemontabert.fr\/en\/new-year-offer\/","url":"https:\/\/chateaudemontabert.fr\/en\/new-year-offer\/","name":"Luxury guest rooms | Ch\u00e2teau de Montabert","isPartOf":{"@id":"https:\/\/chateaudemontabert.fr\/#website"},"primaryImageOfPage":{"@id":"https:\/\/chateaudemontabert.fr\/en\/new-year-offer\/#primaryimage"},"image":{"@id":"https:\/\/chateaudemontabert.fr\/en\/new-year-offer\/#primaryimage"},"thumbnailUrl":"https:\/\/chateaudemontabert.fr\/wp-content\/uploads\/2021\/11\/nouvel-an-e1637582750385.jpg","datePublished":"2021-11-30T07:14:42+00:00","dateModified":"2021-11-30T07:14:44+00:00","description":"Discover our Luxury rooms, guest rooms in the Louis XVI style offering a breathtaking view of our 14-hectare park and unequalled comfort with numerous services.","breadcrumb":{"@id":"https:\/\/chateaudemontabert.fr\/en\/new-year-offer\/#breadcrumb"},"inLanguage":"en-US","potentialAction":[{"@type":"ReadAction","target":["https:\/\/chateaudemontabert.fr\/en\/new-year-offer\/"]}]},{"@type":"ImageObject","inLanguage":"en-US","@id":"https:\/\/chateaudemontabert.fr\/en\/new-year-offer\/#primaryimage","url":"https:\/\/chateaudemontabert.fr\/wp-content\/uploads\/2021\/11\/nouvel-an-e1637582750385.jpg","contentUrl":"https:\/\/chateaudemontabert.fr\/wp-content\/uploads\/2021\/11\/nouvel-an-e1637582750385.jpg","width":1000,"height":667},{"@type":"BreadcrumbList","@id":"https:\/\/chateaudemontabert.fr\/en\/new-year-offer\/#breadcrumb","itemListElement":[{"@type":"ListItem","position":1,"name":"Home","item":"https:\/\/chateaudemontabert.fr\/en\/"},{"@type":"ListItem","position":2,"name":"New Year Offer"}]},{"@type":"WebSite","@id":"https:\/\/chateaudemontabert.fr\/#website","url":"https:\/\/chateaudemontabert.fr\/","name":"Ch\u00e2teau de Montabert","description":"D\u00e9couvrez le Ch\u00e2teau de Montabert, Chambres d&#039;H\u00f4tes de luxe pr\u00e8s de Troyes \u00e0 deux pas du Parc de la For\u00eat d&#039;Orient avec piscine chauff\u00e9e dans un parc de 14 hectares","potentialAction":[{"@type":"SearchAction","target":{"@type":"EntryPoint","urlTemplate":"https:\/\/chateaudemontabert.fr\/?s={search_term_string}"},"query-input":{"@type":"PropertyValueSpecification","valueRequired":true,"valueName":"search_term_string"}}],"inLanguage":"en-US"}]}},"_links":{"self":[{"href":"https:\/\/chateaudemontabert.fr\/en\/wp-json\/wp\/v2\/pages\/1805","targetHints":{"allow":["GET"]}}],"collection":[{"href":"https:\/\/chateaudemontabert.fr\/en\/wp-json\/wp\/v2\/pages"}],"about":[{"href":"https:\/\/chateaudemontabert.fr\/en\/wp-json\/wp\/v2\/types\/page"}],"author":[{"embeddable":true,"href":"https:\/\/chateaudemontabert.fr\/en\/wp-json\/wp\/v2\/users\/2"}],"replies":[{"embeddable":true,"href":"https:\/\/chateaudemontabert.fr\/en\/wp-json\/wp\/v2\/comments?post=1805"}],"version-history":[{"count":0,"href":"https:\/\/chateaudemontabert.fr\/en\/wp-json\/wp\/v2\/pages\/1805\/revisions"}],"wp:featuredmedia":[{"embeddable":true,"href":"https:\/\/chateaudemontabert.fr\/en\/wp-json\/wp\/v2\/media\/1785"}],"wp:attachment":[{"href":"https:\/\/chateaudemontabert.fr\/en\/wp-json\/wp\/v2\/media?parent=1805"}],"curies":[{"name":"wp","href":"https:\/\/api.w.org\/{rel}","templated":true}]}}