{"id":698,"date":"2021-01-26T09:24:37","date_gmt":"2021-01-26T08:24:37","guid":{"rendered":"https:\/\/chateaudemontabert.fr\/?page_id=698"},"modified":"2021-01-26T09:27:12","modified_gmt":"2021-01-26T08:27:12","slug":"legal-notice","status":"publish","type":"page","link":"https:\/\/chateaudemontabert.fr\/en\/legal-notice\/","title":{"rendered":"Legal notice"},"content":{"rendered":"\t\t<div data-elementor-type=\"wp-page\" data-elementor-id=\"698\" class=\"elementor elementor-698\" data-elementor-post-type=\"page\">\n\t\t\t\t\t\t<section class=\"elementor-section elementor-top-section elementor-element elementor-element-68cea747 elementor-section-full_width elementor-section-height-default elementor-section-height-default\" data-id=\"68cea747\" data-element_type=\"section\" data-settings=\"{&quot;background_background&quot;:&quot;classic&quot;}\">\n\t\t\t\t\t\t\t<div class=\"elementor-background-overlay\"><\/div>\n\t\t\t\t\t\t\t<div class=\"elementor-container elementor-column-gap-default\">\n\t\t\t\t\t<div class=\"elementor-column elementor-col-100 elementor-top-column elementor-element elementor-element-55a1f953\" data-id=\"55a1f953\" data-element_type=\"column\">\n\t\t\t<div class=\"elementor-widget-wrap elementor-element-populated\">\n\t\t\t\t\t\t<div class=\"elementor-element elementor-element-f6b659d elementor-widget elementor-widget-heading\" data-id=\"f6b659d\" data-element_type=\"widget\" data-widget_type=\"heading.default\">\n\t\t\t\t<div class=\"elementor-widget-container\">\n\t\t\t<h1 class=\"elementor-heading-title elementor-size-default\">Legal <br \/><span class=\"titre-bleu\"> notice<\/span><\/h1>\t\t<\/div>\n\t\t\t\t<\/div>\n\t\t\t\t\t<\/div>\n\t\t<\/div>\n\t\t\t\t\t<\/div>\n\t\t<\/section>\n\t\t\t\t<section class=\"elementor-section elementor-top-section elementor-element elementor-element-e4d93bc elementor-section-boxed elementor-section-height-default elementor-section-height-default\" data-id=\"e4d93bc\" data-element_type=\"section\">\n\t\t\t\t\t\t<div class=\"elementor-container elementor-column-gap-default\">\n\t\t\t\t\t<div class=\"elementor-column elementor-col-100 elementor-top-column elementor-element elementor-element-a149a8f\" data-id=\"a149a8f\" data-element_type=\"column\">\n\t\t\t<div class=\"elementor-widget-wrap elementor-element-populated\">\n\t\t\t\t\t\t<div class=\"elementor-element elementor-element-7e09547 elementor-widget elementor-widget-text-editor\" data-id=\"7e09547\" data-element_type=\"widget\" data-widget_type=\"text-editor.default\">\n\t\t\t\t<div class=\"elementor-widget-container\">\n\t\t\t\t\t\t\t<p><strong>General information<\/strong><\/p><p>Ch\u00e2teau de Montabert<br \/>14 rue du Ch\u00e2teau &#8211; 10270 Montaulin<br \/>+33 (0)3 25 80 57 09<br \/>contact@chateaudemontabert.fr<\/p><p>\u00a0<\/p><p><strong>Head of the editorial staff<\/strong><\/p><p>David MOREAU<\/p><p>\u00a0<\/p><p><strong>Website<\/strong><\/p><p>Website maintained by l\u2019Agence Adverti<\/p><p>\u00a0<\/p><p><strong>Hosting<\/strong><\/p><p>The site is hosted by the company Online SAS<br \/>BP 438 \u2013 75366 Paris Cedex 08<br \/>Phone : +33 1 70 37 76 61<br \/><br \/><\/p><p><strong>CNIL<\/strong><\/p><p>This site is exempt from declaration to the CNIL by virtue of the deliberation n\u00b0 2006-138 du 09\/05\/2006. More informations\u00a0 : www.cnil.fr<\/p><p>\u00a0<\/p><p><strong>Cookies<\/strong><\/p><p style=\"text-align: center;\">In order to improve and personalise browsing, cookies may be placed on your computer. You can choose to refuse these cookies by configuring your browser. To find out more about how cookies work, we invite you to find more information on the www.cnil.fr website.<\/p>\t\t\t\t\t\t<\/div>\n\t\t\t\t<\/div>\n\t\t\t\t\t<\/div>\n\t\t<\/div>\n\t\t\t\t\t<\/div>\n\t\t<\/section>\n\t\t\t\t<\/div>\n\t\t","protected":false},"excerpt":{"rendered":"Legal notice General information Ch\u00e2teau de Montabert14 rue du Ch\u00e2teau &#8211; 10270 Montaulin+33 (0)3 25 80 57 09contact@chateaudemontabert.fr \u00a0 Head of the editorial staff David MOREAU \u00a0 Website Website maintained by l\u2019Agence Adverti \u00a0 Hosting The site is hosted by the company Online SASBP 438 \u2013 75366 Paris Cedex 08Phone : +33 1 70 37&#8230; <a class=\"view-article\" href=\"https:\/\/chateaudemontabert.fr\/en\/legal-notice\/\">View Article<\/a>","protected":false},"author":2,"featured_media":0,"parent":0,"menu_order":0,"comment_status":"closed","ping_status":"closed","template":"elementor_header_footer","meta":{"footnotes":""},"class_list":["post-698","page","type-page","status-publish","hentry"],"yoast_head":"<!-- This site is optimized with the Yoast SEO plugin v26.5 - https:\/\/yoast.com\/wordpress\/plugins\/seo\/ -->\n<title>Legal notice - Ch\u00e2teau de Montabert<\/title>\n<meta name=\"description\" content=\"Find the legal information on the Ch\u00e2teau de Montabert website.\" \/>\n<meta name=\"robots\" content=\"index, follow, max-snippet:-1, max-image-preview:large, max-video-preview:-1\" \/>\n<link rel=\"canonical\" href=\"https:\/\/chateaudemontabert.fr\/en\/legal-notice\/\" \/>\n<meta property=\"og:locale\" content=\"en_US\" \/>\n<meta property=\"og:type\" content=\"article\" \/>\n<meta property=\"og:title\" content=\"Legal notice - Ch\u00e2teau de Montabert\" \/>\n<meta property=\"og:description\" content=\"Find the legal information on the Ch\u00e2teau de Montabert website.\" \/>\n<meta property=\"og:url\" content=\"https:\/\/chateaudemontabert.fr\/en\/legal-notice\/\" \/>\n<meta property=\"og:site_name\" content=\"Ch\u00e2teau de Montabert\" \/>\n<meta property=\"article:modified_time\" content=\"2021-01-26T08:27:12+00:00\" \/>\n<meta name=\"twitter:card\" content=\"summary_large_image\" \/>\n<meta name=\"twitter:label1\" content=\"Est. reading time\" \/>\n\t<meta name=\"twitter:data1\" content=\"1 minute\" \/>\n<script type=\"application\/ld+json\" class=\"yoast-schema-graph\">{\"@context\":\"https:\/\/schema.org\",\"@graph\":[{\"@type\":\"WebPage\",\"@id\":\"https:\/\/chateaudemontabert.fr\/en\/legal-notice\/\",\"url\":\"https:\/\/chateaudemontabert.fr\/en\/legal-notice\/\",\"name\":\"Legal notice - Ch\u00e2teau de Montabert\",\"isPartOf\":{\"@id\":\"https:\/\/chateaudemontabert.fr\/#website\"},\"datePublished\":\"2021-01-26T08:24:37+00:00\",\"dateModified\":\"2021-01-26T08:27:12+00:00\",\"description\":\"Find the legal information on the Ch\u00e2teau de Montabert website.\",\"breadcrumb\":{\"@id\":\"https:\/\/chateaudemontabert.fr\/en\/legal-notice\/#breadcrumb\"},\"inLanguage\":\"en-US\",\"potentialAction\":[{\"@type\":\"ReadAction\",\"target\":[\"https:\/\/chateaudemontabert.fr\/en\/legal-notice\/\"]}]},{\"@type\":\"BreadcrumbList\",\"@id\":\"https:\/\/chateaudemontabert.fr\/en\/legal-notice\/#breadcrumb\",\"itemListElement\":[{\"@type\":\"ListItem\",\"position\":1,\"name\":\"Home\",\"item\":\"https:\/\/chateaudemontabert.fr\/en\/\"},{\"@type\":\"ListItem\",\"position\":2,\"name\":\"Legal notice\"}]},{\"@type\":\"WebSite\",\"@id\":\"https:\/\/chateaudemontabert.fr\/#website\",\"url\":\"https:\/\/chateaudemontabert.fr\/\",\"name\":\"Ch\u00e2teau de Montabert\",\"description\":\"D\u00e9couvrez le Ch\u00e2teau de Montabert, Chambres d&#039;H\u00f4tes de luxe pr\u00e8s de Troyes \u00e0 deux pas du Parc de la For\u00eat d&#039;Orient avec piscine chauff\u00e9e dans un parc de 14 hectares\",\"potentialAction\":[{\"@type\":\"SearchAction\",\"target\":{\"@type\":\"EntryPoint\",\"urlTemplate\":\"https:\/\/chateaudemontabert.fr\/?s={search_term_string}\"},\"query-input\":{\"@type\":\"PropertyValueSpecification\",\"valueRequired\":true,\"valueName\":\"search_term_string\"}}],\"inLanguage\":\"en-US\"}]}<\/script>\n<!-- \/ Yoast SEO plugin. -->","yoast_head_json":{"title":"Legal notice - Ch\u00e2teau de Montabert","description":"Find the legal information on the Ch\u00e2teau de Montabert website.","robots":{"index":"index","follow":"follow","max-snippet":"max-snippet:-1","max-image-preview":"max-image-preview:large","max-video-preview":"max-video-preview:-1"},"canonical":"https:\/\/chateaudemontabert.fr\/en\/legal-notice\/","og_locale":"en_US","og_type":"article","og_title":"Legal notice - Ch\u00e2teau de Montabert","og_description":"Find the legal information on the Ch\u00e2teau de Montabert website.","og_url":"https:\/\/chateaudemontabert.fr\/en\/legal-notice\/","og_site_name":"Ch\u00e2teau de Montabert","article_modified_time":"2021-01-26T08:27:12+00:00","twitter_card":"summary_large_image","twitter_misc":{"Est. reading time":"1 minute"},"schema":{"@context":"https:\/\/schema.org","@graph":[{"@type":"WebPage","@id":"https:\/\/chateaudemontabert.fr\/en\/legal-notice\/","url":"https:\/\/chateaudemontabert.fr\/en\/legal-notice\/","name":"Legal notice - Ch\u00e2teau de Montabert","isPartOf":{"@id":"https:\/\/chateaudemontabert.fr\/#website"},"datePublished":"2021-01-26T08:24:37+00:00","dateModified":"2021-01-26T08:27:12+00:00","description":"Find the legal information on the Ch\u00e2teau de Montabert website.","breadcrumb":{"@id":"https:\/\/chateaudemontabert.fr\/en\/legal-notice\/#breadcrumb"},"inLanguage":"en-US","potentialAction":[{"@type":"ReadAction","target":["https:\/\/chateaudemontabert.fr\/en\/legal-notice\/"]}]},{"@type":"BreadcrumbList","@id":"https:\/\/chateaudemontabert.fr\/en\/legal-notice\/#breadcrumb","itemListElement":[{"@type":"ListItem","position":1,"name":"Home","item":"https:\/\/chateaudemontabert.fr\/en\/"},{"@type":"ListItem","position":2,"name":"Legal notice"}]},{"@type":"WebSite","@id":"https:\/\/chateaudemontabert.fr\/#website","url":"https:\/\/chateaudemontabert.fr\/","name":"Ch\u00e2teau de Montabert","description":"D\u00e9couvrez le Ch\u00e2teau de Montabert, Chambres d&#039;H\u00f4tes de luxe pr\u00e8s de Troyes \u00e0 deux pas du Parc de la For\u00eat d&#039;Orient avec piscine chauff\u00e9e dans un parc de 14 hectares","potentialAction":[{"@type":"SearchAction","target":{"@type":"EntryPoint","urlTemplate":"https:\/\/chateaudemontabert.fr\/?s={search_term_string}"},"query-input":{"@type":"PropertyValueSpecification","valueRequired":true,"valueName":"search_term_string"}}],"inLanguage":"en-US"}]}},"_links":{"self":[{"href":"https:\/\/chateaudemontabert.fr\/en\/wp-json\/wp\/v2\/pages\/698","targetHints":{"allow":["GET"]}}],"collection":[{"href":"https:\/\/chateaudemontabert.fr\/en\/wp-json\/wp\/v2\/pages"}],"about":[{"href":"https:\/\/chateaudemontabert.fr\/en\/wp-json\/wp\/v2\/types\/page"}],"author":[{"embeddable":true,"href":"https:\/\/chateaudemontabert.fr\/en\/wp-json\/wp\/v2\/users\/2"}],"replies":[{"embeddable":true,"href":"https:\/\/chateaudemontabert.fr\/en\/wp-json\/wp\/v2\/comments?post=698"}],"version-history":[{"count":0,"href":"https:\/\/chateaudemontabert.fr\/en\/wp-json\/wp\/v2\/pages\/698\/revisions"}],"wp:attachment":[{"href":"https:\/\/chateaudemontabert.fr\/en\/wp-json\/wp\/v2\/media?parent=698"}],"curies":[{"name":"wp","href":"https:\/\/api.w.org\/{rel}","templated":true}]}}