{"id":849,"date":"2021-01-26T10:48:22","date_gmt":"2021-01-26T09:48:22","guid":{"rendered":"https:\/\/chateaudemontabert.fr\/our-rooms\/"},"modified":"2021-11-30T08:12:23","modified_gmt":"2021-11-30T07:12:23","slug":"our-rooms","status":"publish","type":"page","link":"https:\/\/chateaudemontabert.fr\/en\/our-rooms\/","title":{"rendered":"Our rooms"},"content":{"rendered":"\t\t<div data-elementor-type=\"wp-page\" data-elementor-id=\"849\" class=\"elementor elementor-849 elementor-818\" data-elementor-post-type=\"page\">\n\t\t\t\t\t\t<section class=\"elementor-section elementor-top-section elementor-element elementor-element-cf91d8c elementor-section-full_width elementor-section-height-default elementor-section-height-default\" data-id=\"cf91d8c\" data-element_type=\"section\" data-settings=\"{&quot;background_background&quot;:&quot;classic&quot;}\">\n\t\t\t\t\t\t\t<div class=\"elementor-background-overlay\"><\/div>\n\t\t\t\t\t\t\t<div class=\"elementor-container elementor-column-gap-default\">\n\t\t\t\t\t<div class=\"elementor-column elementor-col-100 elementor-top-column elementor-element elementor-element-79fe863\" data-id=\"79fe863\" data-element_type=\"column\">\n\t\t\t<div class=\"elementor-widget-wrap elementor-element-populated\">\n\t\t\t\t\t\t<div class=\"elementor-element elementor-element-22efad4 elementor-widget elementor-widget-heading\" data-id=\"22efad4\" data-element_type=\"widget\" data-widget_type=\"heading.default\">\n\t\t\t\t<div class=\"elementor-widget-container\">\n\t\t\t<h1 class=\"elementor-heading-title elementor-size-default\">Our rooms<\/h1>\t\t<\/div>\n\t\t\t\t<\/div>\n\t\t\t\t\t<\/div>\n\t\t<\/div>\n\t\t\t\t\t<\/div>\n\t\t<\/section>\n\t\t\t\t<section class=\"elementor-section elementor-top-section elementor-element elementor-element-8210ccc elementor-section-boxed elementor-section-height-default elementor-section-height-default\" data-id=\"8210ccc\" data-element_type=\"section\">\n\t\t\t\t\t\t<div class=\"elementor-container elementor-column-gap-wider\">\n\t\t\t\t\t<div class=\"elementor-column elementor-col-50 elementor-top-column elementor-element elementor-element-cd20846\" data-id=\"cd20846\" data-element_type=\"column\">\n\t\t\t<div class=\"elementor-widget-wrap elementor-element-populated\">\n\t\t\t\t\t\t<div class=\"elementor-element elementor-element-e441592 elementor-widget elementor-widget-image\" data-id=\"e441592\" data-element_type=\"widget\" data-widget_type=\"image.default\">\n\t\t\t\t<div class=\"elementor-widget-container\">\n\t\t\t\t\t\t\t\t\t\t\t\t\t\t<a href=\"https:\/\/chateaudemontabert.fr\/en\/our-rooms\/premium-rooms\/\">\n\t\t\t\t\t\t\t<img decoding=\"async\" src=\"https:\/\/chateaudemontabert.fr\/wp-content\/uploads\/elementor\/thumbs\/slider-chambre-oyp5pj83vclhifuvzbtrhg5evoiypq3uhcnyjtk1j8.jpg\" title=\"slider-room\" alt=\"slider-room\" loading=\"lazy\" \/>\t\t\t\t\t\t\t\t<\/a>\n\t\t\t\t\t\t\t\t\t\t\t\t\t<\/div>\n\t\t\t\t<\/div>\n\t\t\t\t<div class=\"elementor-element elementor-element-fe9038d elementor-widget elementor-widget-heading\" data-id=\"fe9038d\" data-element_type=\"widget\" data-widget_type=\"heading.default\">\n\t\t\t\t<div class=\"elementor-widget-container\">\n\t\t\t<h2 class=\"elementor-heading-title elementor-size-default\">Rooms <br \/><span class=\"titre-bleu\">premium<\/span><\/h2>\t\t<\/div>\n\t\t\t\t<\/div>\n\t\t\t\t<div class=\"elementor-element elementor-element-ba75dc1 elementor-align-center elementor-widget elementor-widget-button\" data-id=\"ba75dc1\" data-element_type=\"widget\" data-widget_type=\"button.default\">\n\t\t\t\t<div class=\"elementor-widget-container\">\n\t\t\t\t\t\t\t<div class=\"elementor-button-wrapper\">\n\t\t\t\t\t<a class=\"elementor-button elementor-button-link elementor-size-xs\" href=\"https:\/\/chateaudemontabert.fr\/en\/our-rooms\/premium-rooms\/\">\n\t\t\t\t\t\t<span class=\"elementor-button-content-wrapper\">\n\t\t\t\t\t\t\t\t\t<span class=\"elementor-button-text\">Discover<\/span>\n\t\t\t\t\t<\/span>\n\t\t\t\t\t<\/a>\n\t\t\t\t<\/div>\n\t\t\t\t\t\t<\/div>\n\t\t\t\t<\/div>\n\t\t\t\t\t<\/div>\n\t\t<\/div>\n\t\t\t\t<div class=\"elementor-column elementor-col-50 elementor-top-column elementor-element elementor-element-bdb824a\" data-id=\"bdb824a\" data-element_type=\"column\">\n\t\t\t<div class=\"elementor-widget-wrap elementor-element-populated\">\n\t\t\t\t\t\t<div class=\"elementor-element elementor-element-a4ca3d6 elementor-widget elementor-widget-image\" data-id=\"a4ca3d6\" data-element_type=\"widget\" data-widget_type=\"image.default\">\n\t\t\t\t<div class=\"elementor-widget-container\">\n\t\t\t\t\t\t\t\t\t\t\t\t\t\t<a href=\"https:\/\/chateaudemontabert.fr\/en\/our-rooms\/luxury-rooms\/\">\n\t\t\t\t\t\t\t<img decoding=\"async\" src=\"https:\/\/chateaudemontabert.fr\/wp-content\/uploads\/elementor\/thumbs\/chambre3-oyp5mppjd8qiojycg3y205rmq2fbmewu3e7ipxqk78.jpg\" title=\"chambre3\" alt=\"chambre3\" loading=\"lazy\" \/>\t\t\t\t\t\t\t\t<\/a>\n\t\t\t\t\t\t\t\t\t\t\t\t\t<\/div>\n\t\t\t\t<\/div>\n\t\t\t\t<div class=\"elementor-element elementor-element-1a0b356 elementor-widget elementor-widget-heading\" data-id=\"1a0b356\" data-element_type=\"widget\" data-widget_type=\"heading.default\">\n\t\t\t\t<div class=\"elementor-widget-container\">\n\t\t\t<h2 class=\"elementor-heading-title elementor-size-default\">Rooms <br><span class=\"titre-bleu\">luxury<\/span><\/h2>\t\t<\/div>\n\t\t\t\t<\/div>\n\t\t\t\t<div class=\"elementor-element elementor-element-706d4f3 elementor-align-center elementor-widget elementor-widget-button\" data-id=\"706d4f3\" data-element_type=\"widget\" data-widget_type=\"button.default\">\n\t\t\t\t<div class=\"elementor-widget-container\">\n\t\t\t\t\t\t\t<div class=\"elementor-button-wrapper\">\n\t\t\t\t\t<a class=\"elementor-button elementor-button-link elementor-size-xs\" href=\"https:\/\/chateaudemontabert.fr\/en\/our-rooms\/luxury-rooms\/\">\n\t\t\t\t\t\t<span class=\"elementor-button-content-wrapper\">\n\t\t\t\t\t\t\t\t\t<span class=\"elementor-button-text\">Discover<\/span>\n\t\t\t\t\t<\/span>\n\t\t\t\t\t<\/a>\n\t\t\t\t<\/div>\n\t\t\t\t\t\t<\/div>\n\t\t\t\t<\/div>\n\t\t\t\t<div class=\"elementor-element elementor-element-a4c116b elementor-widget elementor-widget-spacer\" data-id=\"a4c116b\" data-element_type=\"widget\" data-widget_type=\"spacer.default\">\n\t\t\t\t<div class=\"elementor-widget-container\">\n\t\t\t\t\t<div class=\"elementor-spacer\">\n\t\t\t<div class=\"elementor-spacer-inner\"><\/div>\n\t\t<\/div>\n\t\t\t\t<\/div>\n\t\t\t\t<\/div>\n\t\t\t\t\t<\/div>\n\t\t<\/div>\n\t\t\t\t\t<\/div>\n\t\t<\/section>\n\t\t\t\t<\/div>\n\t\t","protected":false},"excerpt":{"rendered":"Our rooms Rooms premium Discover Rooms luxury Discover","protected":false},"author":2,"featured_media":850,"parent":0,"menu_order":0,"comment_status":"closed","ping_status":"closed","template":"elementor_header_footer","meta":{"footnotes":""},"class_list":["post-849","page","type-page","status-publish","has-post-thumbnail","hentry"],"yoast_head":"<!-- This site is optimized with the Yoast SEO plugin v26.5 - https:\/\/yoast.com\/wordpress\/plugins\/seo\/ -->\n<title>Bed and Breakfast in Troyes in Aube (10) | Ch\u00e2teau de Montabert<\/title>\n<meta name=\"description\" content=\"Bed and breakfast for 2 people next to Troyes in the Aube (10) with a view of the park and the outbuildings as well as the swimming pool.\" \/>\n<meta name=\"robots\" content=\"index, follow, max-snippet:-1, max-image-preview:large, max-video-preview:-1\" \/>\n<link rel=\"canonical\" href=\"https:\/\/chateaudemontabert.fr\/en\/our-rooms\/\" \/>\n<meta property=\"og:locale\" content=\"en_US\" \/>\n<meta property=\"og:type\" content=\"article\" \/>\n<meta property=\"og:title\" content=\"Bed and Breakfast in Troyes in Aube (10) | Ch\u00e2teau de Montabert\" \/>\n<meta property=\"og:description\" content=\"Bed and breakfast for 2 people next to Troyes in the Aube (10) with a view of the park and the outbuildings as well as the swimming pool.\" \/>\n<meta property=\"og:url\" content=\"https:\/\/chateaudemontabert.fr\/en\/our-rooms\/\" \/>\n<meta property=\"og:site_name\" content=\"Ch\u00e2teau de Montabert\" \/>\n<meta property=\"article:modified_time\" content=\"2021-11-30T07:12:23+00:00\" \/>\n<meta property=\"og:image\" content=\"https:\/\/chateaudemontabert.fr\/wp-content\/uploads\/2017\/07\/slider-chambre.jpg\" \/>\n\t<meta property=\"og:image:width\" content=\"1920\" \/>\n\t<meta property=\"og:image:height\" content=\"1080\" \/>\n\t<meta property=\"og:image:type\" content=\"image\/jpeg\" \/>\n<meta name=\"twitter:card\" content=\"summary_large_image\" \/>\n<meta name=\"twitter:label1\" content=\"Est. reading time\" \/>\n\t<meta name=\"twitter:data1\" content=\"1 minute\" \/>\n<script type=\"application\/ld+json\" class=\"yoast-schema-graph\">{\"@context\":\"https:\/\/schema.org\",\"@graph\":[{\"@type\":\"WebPage\",\"@id\":\"https:\/\/chateaudemontabert.fr\/en\/our-rooms\/\",\"url\":\"https:\/\/chateaudemontabert.fr\/en\/our-rooms\/\",\"name\":\"Bed and Breakfast in Troyes in Aube (10) | Ch\u00e2teau de Montabert\",\"isPartOf\":{\"@id\":\"https:\/\/chateaudemontabert.fr\/#website\"},\"primaryImageOfPage\":{\"@id\":\"https:\/\/chateaudemontabert.fr\/en\/our-rooms\/#primaryimage\"},\"image\":{\"@id\":\"https:\/\/chateaudemontabert.fr\/en\/our-rooms\/#primaryimage\"},\"thumbnailUrl\":\"https:\/\/chateaudemontabert.fr\/wp-content\/uploads\/2017\/07\/slider-chambre.jpg\",\"datePublished\":\"2021-01-26T09:48:22+00:00\",\"dateModified\":\"2021-11-30T07:12:23+00:00\",\"description\":\"Bed and breakfast for 2 people next to Troyes in the Aube (10) with a view of the park and the outbuildings as well as the swimming pool.\",\"breadcrumb\":{\"@id\":\"https:\/\/chateaudemontabert.fr\/en\/our-rooms\/#breadcrumb\"},\"inLanguage\":\"en-US\",\"potentialAction\":[{\"@type\":\"ReadAction\",\"target\":[\"https:\/\/chateaudemontabert.fr\/en\/our-rooms\/\"]}]},{\"@type\":\"ImageObject\",\"inLanguage\":\"en-US\",\"@id\":\"https:\/\/chateaudemontabert.fr\/en\/our-rooms\/#primaryimage\",\"url\":\"https:\/\/chateaudemontabert.fr\/wp-content\/uploads\/2017\/07\/slider-chambre.jpg\",\"contentUrl\":\"https:\/\/chateaudemontabert.fr\/wp-content\/uploads\/2017\/07\/slider-chambre.jpg\",\"width\":1920,\"height\":1080},{\"@type\":\"BreadcrumbList\",\"@id\":\"https:\/\/chateaudemontabert.fr\/en\/our-rooms\/#breadcrumb\",\"itemListElement\":[{\"@type\":\"ListItem\",\"position\":1,\"name\":\"Home\",\"item\":\"https:\/\/chateaudemontabert.fr\/en\/\"},{\"@type\":\"ListItem\",\"position\":2,\"name\":\"Our rooms\"}]},{\"@type\":\"WebSite\",\"@id\":\"https:\/\/chateaudemontabert.fr\/#website\",\"url\":\"https:\/\/chateaudemontabert.fr\/\",\"name\":\"Ch\u00e2teau de Montabert\",\"description\":\"D\u00e9couvrez le Ch\u00e2teau de Montabert, Chambres d&#039;H\u00f4tes de luxe pr\u00e8s de Troyes \u00e0 deux pas du Parc de la For\u00eat d&#039;Orient avec piscine chauff\u00e9e dans un parc de 14 hectares\",\"potentialAction\":[{\"@type\":\"SearchAction\",\"target\":{\"@type\":\"EntryPoint\",\"urlTemplate\":\"https:\/\/chateaudemontabert.fr\/?s={search_term_string}\"},\"query-input\":{\"@type\":\"PropertyValueSpecification\",\"valueRequired\":true,\"valueName\":\"search_term_string\"}}],\"inLanguage\":\"en-US\"}]}<\/script>\n<!-- \/ Yoast SEO plugin. -->","yoast_head_json":{"title":"Bed and Breakfast in Troyes in Aube (10) | Ch\u00e2teau de Montabert","description":"Bed and breakfast for 2 people next to Troyes in the Aube (10) with a view of the park and the outbuildings as well as the swimming pool.","robots":{"index":"index","follow":"follow","max-snippet":"max-snippet:-1","max-image-preview":"max-image-preview:large","max-video-preview":"max-video-preview:-1"},"canonical":"https:\/\/chateaudemontabert.fr\/en\/our-rooms\/","og_locale":"en_US","og_type":"article","og_title":"Bed and Breakfast in Troyes in Aube (10) | Ch\u00e2teau de Montabert","og_description":"Bed and breakfast for 2 people next to Troyes in the Aube (10) with a view of the park and the outbuildings as well as the swimming pool.","og_url":"https:\/\/chateaudemontabert.fr\/en\/our-rooms\/","og_site_name":"Ch\u00e2teau de Montabert","article_modified_time":"2021-11-30T07:12:23+00:00","og_image":[{"width":1920,"height":1080,"url":"https:\/\/chateaudemontabert.fr\/wp-content\/uploads\/2017\/07\/slider-chambre.jpg","type":"image\/jpeg"}],"twitter_card":"summary_large_image","twitter_misc":{"Est. reading time":"1 minute"},"schema":{"@context":"https:\/\/schema.org","@graph":[{"@type":"WebPage","@id":"https:\/\/chateaudemontabert.fr\/en\/our-rooms\/","url":"https:\/\/chateaudemontabert.fr\/en\/our-rooms\/","name":"Bed and Breakfast in Troyes in Aube (10) | Ch\u00e2teau de Montabert","isPartOf":{"@id":"https:\/\/chateaudemontabert.fr\/#website"},"primaryImageOfPage":{"@id":"https:\/\/chateaudemontabert.fr\/en\/our-rooms\/#primaryimage"},"image":{"@id":"https:\/\/chateaudemontabert.fr\/en\/our-rooms\/#primaryimage"},"thumbnailUrl":"https:\/\/chateaudemontabert.fr\/wp-content\/uploads\/2017\/07\/slider-chambre.jpg","datePublished":"2021-01-26T09:48:22+00:00","dateModified":"2021-11-30T07:12:23+00:00","description":"Bed and breakfast for 2 people next to Troyes in the Aube (10) with a view of the park and the outbuildings as well as the swimming pool.","breadcrumb":{"@id":"https:\/\/chateaudemontabert.fr\/en\/our-rooms\/#breadcrumb"},"inLanguage":"en-US","potentialAction":[{"@type":"ReadAction","target":["https:\/\/chateaudemontabert.fr\/en\/our-rooms\/"]}]},{"@type":"ImageObject","inLanguage":"en-US","@id":"https:\/\/chateaudemontabert.fr\/en\/our-rooms\/#primaryimage","url":"https:\/\/chateaudemontabert.fr\/wp-content\/uploads\/2017\/07\/slider-chambre.jpg","contentUrl":"https:\/\/chateaudemontabert.fr\/wp-content\/uploads\/2017\/07\/slider-chambre.jpg","width":1920,"height":1080},{"@type":"BreadcrumbList","@id":"https:\/\/chateaudemontabert.fr\/en\/our-rooms\/#breadcrumb","itemListElement":[{"@type":"ListItem","position":1,"name":"Home","item":"https:\/\/chateaudemontabert.fr\/en\/"},{"@type":"ListItem","position":2,"name":"Our rooms"}]},{"@type":"WebSite","@id":"https:\/\/chateaudemontabert.fr\/#website","url":"https:\/\/chateaudemontabert.fr\/","name":"Ch\u00e2teau de Montabert","description":"D\u00e9couvrez le Ch\u00e2teau de Montabert, Chambres d&#039;H\u00f4tes de luxe pr\u00e8s de Troyes \u00e0 deux pas du Parc de la For\u00eat d&#039;Orient avec piscine chauff\u00e9e dans un parc de 14 hectares","potentialAction":[{"@type":"SearchAction","target":{"@type":"EntryPoint","urlTemplate":"https:\/\/chateaudemontabert.fr\/?s={search_term_string}"},"query-input":{"@type":"PropertyValueSpecification","valueRequired":true,"valueName":"search_term_string"}}],"inLanguage":"en-US"}]}},"_links":{"self":[{"href":"https:\/\/chateaudemontabert.fr\/en\/wp-json\/wp\/v2\/pages\/849","targetHints":{"allow":["GET"]}}],"collection":[{"href":"https:\/\/chateaudemontabert.fr\/en\/wp-json\/wp\/v2\/pages"}],"about":[{"href":"https:\/\/chateaudemontabert.fr\/en\/wp-json\/wp\/v2\/types\/page"}],"author":[{"embeddable":true,"href":"https:\/\/chateaudemontabert.fr\/en\/wp-json\/wp\/v2\/users\/2"}],"replies":[{"embeddable":true,"href":"https:\/\/chateaudemontabert.fr\/en\/wp-json\/wp\/v2\/comments?post=849"}],"version-history":[{"count":0,"href":"https:\/\/chateaudemontabert.fr\/en\/wp-json\/wp\/v2\/pages\/849\/revisions"}],"wp:featuredmedia":[{"embeddable":true,"href":"https:\/\/chateaudemontabert.fr\/en\/wp-json\/wp\/v2\/media\/850"}],"wp:attachment":[{"href":"https:\/\/chateaudemontabert.fr\/en\/wp-json\/wp\/v2\/media?parent=849"}],"curies":[{"name":"wp","href":"https:\/\/api.w.org\/{rel}","templated":true}]}}