{"id":94,"date":"2016-05-23T14:09:50","date_gmt":"2016-05-23T13:09:50","guid":{"rendered":"https:\/\/chateaudemontabert.fr\/?page_id=94"},"modified":"2024-05-13T08:09:26","modified_gmt":"2024-05-13T07:09:26","slug":"rates-reservations","status":"publish","type":"page","link":"https:\/\/chateaudemontabert.fr\/en\/rates-reservations\/","title":{"rendered":"Pricing &#038; Booking"},"content":{"rendered":"\t\t<div data-elementor-type=\"wp-page\" data-elementor-id=\"94\" class=\"elementor elementor-94 elementor-50\" data-elementor-post-type=\"page\">\n\t\t\t\t\t\t<section class=\"elementor-section elementor-top-section elementor-element elementor-element-79191b51 elementor-section-full_width elementor-section-height-default elementor-section-height-default\" data-id=\"79191b51\" data-element_type=\"section\" data-settings=\"{&quot;background_background&quot;:&quot;classic&quot;}\">\n\t\t\t\t\t\t\t<div class=\"elementor-background-overlay\"><\/div>\n\t\t\t\t\t\t\t<div class=\"elementor-container elementor-column-gap-default\">\n\t\t\t\t\t<div class=\"elementor-column elementor-col-100 elementor-top-column elementor-element elementor-element-1e1c95b3\" data-id=\"1e1c95b3\" data-element_type=\"column\">\n\t\t\t<div class=\"elementor-widget-wrap elementor-element-populated\">\n\t\t\t\t\t\t<div class=\"elementor-element elementor-element-1ae65e7a elementor-widget elementor-widget-heading\" data-id=\"1ae65e7a\" data-element_type=\"widget\" data-widget_type=\"heading.default\">\n\t\t\t\t<div class=\"elementor-widget-container\">\n\t\t\t<h1 class=\"elementor-heading-title elementor-size-default\">Prices<br \/><span class=\"titre-bleu\"> Booking<\/span><\/h1>\t\t<\/div>\n\t\t\t\t<\/div>\n\t\t\t\t\t<\/div>\n\t\t<\/div>\n\t\t\t\t\t<\/div>\n\t\t<\/section>\n\t\t\t\t<section class=\"elementor-section elementor-top-section elementor-element elementor-element-150153c elementor-section-content-middle elementor-section-boxed elementor-section-height-default elementor-section-height-default\" data-id=\"150153c\" data-element_type=\"section\">\n\t\t\t\t\t\t<div class=\"elementor-container elementor-column-gap-default\">\n\t\t\t\t\t<div class=\"elementor-column elementor-col-50 elementor-top-column elementor-element elementor-element-b89d29d\" data-id=\"b89d29d\" data-element_type=\"column\">\n\t\t\t<div class=\"elementor-widget-wrap elementor-element-populated\">\n\t\t\t\t\t\t<div class=\"elementor-element elementor-element-5d5575e elementor-widget elementor-widget-text-editor\" data-id=\"5d5575e\" data-element_type=\"widget\" data-widget_type=\"text-editor.default\">\n\t\t\t\t<div class=\"elementor-widget-container\">\n\t\t\t\t\t\t\t<p>Our &#8220;<strong>Superior<\/strong>&#8221; guest rooms for 2 people :<br>\nfrom \u20ac195 to \u20ac235 incl. VAT<br>\ndepending on the season (breakfast included).<\/p>\n<p>Our &#8220;<strong>Luxury<\/strong>&#8221; guest rooms for 2 people :<br>\nfrom \u20ac225 to \u20ac265 including tax<br>\ndepending on the season (breakfast included).<\/p>\n<p><strong>Meals<\/strong><br>\n40\u20ac\/person<br>\n(reservation 48 hours before arrival)<\/p>\n<p><strong>Arrival between 5.30 p.m. and 7.30 p.m. (Please let us know if you arrive after 7.30 p.m.).<\/strong><br>\n<strong>Departure before 11am.<\/strong><\/p>\t\t\t\t\t\t<\/div>\n\t\t\t\t<\/div>\n\t\t\t\t<div class=\"elementor-element elementor-element-8362253 elementor-align-center elementor-widget elementor-widget-button\" data-id=\"8362253\" data-element_type=\"widget\" data-widget_type=\"button.default\">\n\t\t\t\t<div class=\"elementor-widget-container\">\n\t\t\t\t\t\t\t<div class=\"elementor-button-wrapper\">\n\t\t\t\t\t<a class=\"elementor-button elementor-button-link elementor-size-xs\" href=\"https:\/\/reservation.v2.ke-booking.com\/acc\/show?tok=Pa1e2ea9b35c5fd5c7055aec1&#038;pid=P9962292&#038;lang=fr&#038;krc=98defd6ee70dfb1dea416cecdf391f58\" target=\"_blank\" id=\"reservation-sup\">\n\t\t\t\t\t\t<span class=\"elementor-button-content-wrapper\">\n\t\t\t\t\t\t<span class=\"elementor-button-icon\">\n\t\t\t\t<i aria-hidden=\"true\" class=\"far fa-calendar-alt\"><\/i>\t\t\t<\/span>\n\t\t\t\t\t\t\t\t\t<span class=\"elementor-button-text\">Book your trip<\/span>\n\t\t\t\t\t<\/span>\n\t\t\t\t\t<\/a>\n\t\t\t\t<\/div>\n\t\t\t\t\t\t<\/div>\n\t\t\t\t<\/div>\n\t\t\t\t\t<\/div>\n\t\t<\/div>\n\t\t\t\t<div class=\"elementor-column elementor-col-50 elementor-top-column elementor-element elementor-element-e624772\" data-id=\"e624772\" data-element_type=\"column\">\n\t\t\t<div class=\"elementor-widget-wrap elementor-element-populated\">\n\t\t\t\t\t\t<div class=\"elementor-element elementor-element-f4e17bd elementor-cta--skin-cover elementor-animated-content elementor-bg-transform elementor-bg-transform-zoom-in elementor-widget elementor-widget-call-to-action\" data-id=\"f4e17bd\" data-element_type=\"widget\" data-widget_type=\"call-to-action.default\">\n\t\t\t\t<div class=\"elementor-widget-container\">\n\t\t\t\t\t<a class=\"elementor-cta\" href=\"https:\/\/reservation.v2.ke-booking.com\/gc\/property?pid=P9962292&#038;tok=Pa1e2ea9b35c5fd5c7055aec1&#038;krc=98defd6ee70dfb1dea416cecdf391f58&#038;lang=fr\" target=\"_blank\">\n\t\t\t\t\t<div class=\"elementor-cta__bg-wrapper\">\n\t\t\t\t<div class=\"elementor-cta__bg elementor-bg\" style=\"background-image: url(https:\/\/chateaudemontabert.fr\/wp-content\/uploads\/2021\/11\/carte-cadeau.jpg);\" role=\"img\" aria-label=\"gift-card\"><\/div>\n\t\t\t\t<div class=\"elementor-cta__bg-overlay\"><\/div>\n\t\t\t<\/div>\n\t\t\t\t\t\t\t<div class=\"elementor-cta__content\">\n\t\t\t\t\n\t\t\t\t\t\t\t\t\t<h2 class=\"elementor-cta__title elementor-cta__content-item elementor-content-item elementor-animated-item--grow\">\n\t\t\t\t\t\tGift card\t\t\t\t\t<\/h2>\n\t\t\t\t\n\t\t\t\t\t\t\t\t\t<div class=\"elementor-cta__description elementor-cta__content-item elementor-content-item elementor-animated-item--grow\">\n\t\t\t\t\t\t<p>Treat your loved ones to a moment of relaxation at Ch\u00e2teau de Montabert!<\/p>\n\t\t\t\t\t<\/div>\n\t\t\t\t\n\t\t\t\t\t\t\t\t\t<div class=\"elementor-cta__button-wrapper elementor-cta__content-item elementor-content-item elementor-animated-item--grow\">\n\t\t\t\t\t<span class=\"elementor-cta__button elementor-button elementor-size-\">\n\t\t\t\t\t\tRead more\t\t\t\t\t<\/span>\n\t\t\t\t\t<\/div>\n\t\t\t\t\t\t\t<\/div>\n\t\t\t\t\t\t<\/a>\n\t\t\t\t<\/div>\n\t\t\t\t<\/div>\n\t\t\t\t\t<\/div>\n\t\t<\/div>\n\t\t\t\t\t<\/div>\n\t\t<\/section>\n\t\t\t\t<section class=\"elementor-section elementor-top-section elementor-element elementor-element-6945964e elementor-section-boxed elementor-section-height-default elementor-section-height-default\" data-id=\"6945964e\" data-element_type=\"section\">\n\t\t\t\t\t\t<div class=\"elementor-container elementor-column-gap-default\">\n\t\t\t\t\t<div class=\"elementor-column elementor-col-100 elementor-top-column elementor-element elementor-element-2ea03ca5\" data-id=\"2ea03ca5\" data-element_type=\"column\">\n\t\t\t<div class=\"elementor-widget-wrap\">\n\t\t\t\t\t\t\t<\/div>\n\t\t<\/div>\n\t\t\t\t\t<\/div>\n\t\t<\/section>\n\t\t\t\t<\/div>\n\t\t","protected":false},"excerpt":{"rendered":"Prices Booking Our &#8220;Superior&#8221; guest rooms for 2 people : from \u20ac195 to \u20ac235 incl. VAT depending on the season (breakfast included). Our &#8220;Luxury&#8221; guest rooms for 2 people : from \u20ac225 to \u20ac265 including tax depending on the season (breakfast included). Meals 40\u20ac\/person (reservation 48 hours before arrival) Arrival between 5.30 p.m. and 7.30&#8230; <a class=\"view-article\" href=\"https:\/\/chateaudemontabert.fr\/en\/rates-reservations\/\">View Article<\/a>","protected":false},"author":2,"featured_media":1401,"parent":0,"menu_order":0,"comment_status":"closed","ping_status":"closed","template":"elementor_header_footer","meta":{"footnotes":""},"class_list":["post-94","page","type-page","status-publish","has-post-thumbnail","hentry"],"yoast_head":"<!-- This site is optimized with the Yoast SEO plugin v26.5 - https:\/\/yoast.com\/wordpress\/plugins\/seo\/ -->\n<title>Ch\u00e2teau de Montabert - Rate et reservations room luxury in Aube<\/title>\n<meta name=\"description\" content=\"Rate et reservations room superior and luxury in Aube, a few minutes from the city center of Troyes and the Lac de la For\u00eat d&#039;Orient.\" \/>\n<meta name=\"robots\" content=\"index, follow, max-snippet:-1, max-image-preview:large, max-video-preview:-1\" \/>\n<link rel=\"canonical\" href=\"https:\/\/chateaudemontabert.fr\/en\/rates-reservations\/\" \/>\n<meta property=\"og:locale\" content=\"en_US\" \/>\n<meta property=\"og:type\" content=\"article\" \/>\n<meta property=\"og:title\" content=\"Ch\u00e2teau de Montabert - Rate et reservations room luxury in Aube\" \/>\n<meta property=\"og:description\" content=\"Rate et reservations room superior and luxury in Aube, a few minutes from the city center of Troyes and the Lac de la For\u00eat d&#039;Orient.\" \/>\n<meta property=\"og:url\" content=\"https:\/\/chateaudemontabert.fr\/en\/rates-reservations\/\" \/>\n<meta property=\"og:site_name\" content=\"Ch\u00e2teau de Montabert\" \/>\n<meta property=\"article:modified_time\" content=\"2024-05-13T07:09:26+00:00\" \/>\n<meta property=\"og:image\" content=\"https:\/\/chateaudemontabert.fr\/wp-content\/uploads\/2016\/05\/texture-1362879_1920.jpg\" \/>\n\t<meta property=\"og:image:width\" content=\"1920\" \/>\n\t<meta property=\"og:image:height\" content=\"1280\" \/>\n\t<meta property=\"og:image:type\" content=\"image\/jpeg\" \/>\n<meta name=\"twitter:card\" content=\"summary_large_image\" \/>\n<meta name=\"twitter:label1\" content=\"Est. reading time\" \/>\n\t<meta name=\"twitter:data1\" content=\"1 minute\" \/>\n<script type=\"application\/ld+json\" class=\"yoast-schema-graph\">{\"@context\":\"https:\/\/schema.org\",\"@graph\":[{\"@type\":\"WebPage\",\"@id\":\"https:\/\/chateaudemontabert.fr\/en\/rates-reservations\/\",\"url\":\"https:\/\/chateaudemontabert.fr\/en\/rates-reservations\/\",\"name\":\"Ch\u00e2teau de Montabert - Rate et reservations room luxury in Aube\",\"isPartOf\":{\"@id\":\"https:\/\/chateaudemontabert.fr\/#website\"},\"primaryImageOfPage\":{\"@id\":\"https:\/\/chateaudemontabert.fr\/en\/rates-reservations\/#primaryimage\"},\"image\":{\"@id\":\"https:\/\/chateaudemontabert.fr\/en\/rates-reservations\/#primaryimage\"},\"thumbnailUrl\":\"https:\/\/chateaudemontabert.fr\/wp-content\/uploads\/2016\/05\/texture-1362879_1920.jpg\",\"datePublished\":\"2016-05-23T13:09:50+00:00\",\"dateModified\":\"2024-05-13T07:09:26+00:00\",\"description\":\"Rate et reservations room superior and luxury in Aube, a few minutes from the city center of Troyes and the Lac de la For\u00eat d'Orient.\",\"breadcrumb\":{\"@id\":\"https:\/\/chateaudemontabert.fr\/en\/rates-reservations\/#breadcrumb\"},\"inLanguage\":\"en-US\",\"potentialAction\":[{\"@type\":\"ReadAction\",\"target\":[\"https:\/\/chateaudemontabert.fr\/en\/rates-reservations\/\"]}]},{\"@type\":\"ImageObject\",\"inLanguage\":\"en-US\",\"@id\":\"https:\/\/chateaudemontabert.fr\/en\/rates-reservations\/#primaryimage\",\"url\":\"https:\/\/chateaudemontabert.fr\/wp-content\/uploads\/2016\/05\/texture-1362879_1920.jpg\",\"contentUrl\":\"https:\/\/chateaudemontabert.fr\/wp-content\/uploads\/2016\/05\/texture-1362879_1920.jpg\",\"width\":1920,\"height\":1280},{\"@type\":\"BreadcrumbList\",\"@id\":\"https:\/\/chateaudemontabert.fr\/en\/rates-reservations\/#breadcrumb\",\"itemListElement\":[{\"@type\":\"ListItem\",\"position\":1,\"name\":\"Home\",\"item\":\"https:\/\/chateaudemontabert.fr\/en\/\"},{\"@type\":\"ListItem\",\"position\":2,\"name\":\"Pricing &#038; Booking\"}]},{\"@type\":\"WebSite\",\"@id\":\"https:\/\/chateaudemontabert.fr\/#website\",\"url\":\"https:\/\/chateaudemontabert.fr\/\",\"name\":\"Ch\u00e2teau de Montabert\",\"description\":\"D\u00e9couvrez le Ch\u00e2teau de Montabert, Chambres d&#039;H\u00f4tes de luxe pr\u00e8s de Troyes \u00e0 deux pas du Parc de la For\u00eat d&#039;Orient avec piscine chauff\u00e9e dans un parc de 14 hectares\",\"potentialAction\":[{\"@type\":\"SearchAction\",\"target\":{\"@type\":\"EntryPoint\",\"urlTemplate\":\"https:\/\/chateaudemontabert.fr\/?s={search_term_string}\"},\"query-input\":{\"@type\":\"PropertyValueSpecification\",\"valueRequired\":true,\"valueName\":\"search_term_string\"}}],\"inLanguage\":\"en-US\"}]}<\/script>\n<!-- \/ Yoast SEO plugin. -->","yoast_head_json":{"title":"Ch\u00e2teau de Montabert - Rate et reservations room luxury in Aube","description":"Rate et reservations room superior and luxury in Aube, a few minutes from the city center of Troyes and the Lac de la For\u00eat d'Orient.","robots":{"index":"index","follow":"follow","max-snippet":"max-snippet:-1","max-image-preview":"max-image-preview:large","max-video-preview":"max-video-preview:-1"},"canonical":"https:\/\/chateaudemontabert.fr\/en\/rates-reservations\/","og_locale":"en_US","og_type":"article","og_title":"Ch\u00e2teau de Montabert - Rate et reservations room luxury in Aube","og_description":"Rate et reservations room superior and luxury in Aube, a few minutes from the city center of Troyes and the Lac de la For\u00eat d'Orient.","og_url":"https:\/\/chateaudemontabert.fr\/en\/rates-reservations\/","og_site_name":"Ch\u00e2teau de Montabert","article_modified_time":"2024-05-13T07:09:26+00:00","og_image":[{"width":1920,"height":1280,"url":"https:\/\/chateaudemontabert.fr\/wp-content\/uploads\/2016\/05\/texture-1362879_1920.jpg","type":"image\/jpeg"}],"twitter_card":"summary_large_image","twitter_misc":{"Est. reading time":"1 minute"},"schema":{"@context":"https:\/\/schema.org","@graph":[{"@type":"WebPage","@id":"https:\/\/chateaudemontabert.fr\/en\/rates-reservations\/","url":"https:\/\/chateaudemontabert.fr\/en\/rates-reservations\/","name":"Ch\u00e2teau de Montabert - Rate et reservations room luxury in Aube","isPartOf":{"@id":"https:\/\/chateaudemontabert.fr\/#website"},"primaryImageOfPage":{"@id":"https:\/\/chateaudemontabert.fr\/en\/rates-reservations\/#primaryimage"},"image":{"@id":"https:\/\/chateaudemontabert.fr\/en\/rates-reservations\/#primaryimage"},"thumbnailUrl":"https:\/\/chateaudemontabert.fr\/wp-content\/uploads\/2016\/05\/texture-1362879_1920.jpg","datePublished":"2016-05-23T13:09:50+00:00","dateModified":"2024-05-13T07:09:26+00:00","description":"Rate et reservations room superior and luxury in Aube, a few minutes from the city center of Troyes and the Lac de la For\u00eat d'Orient.","breadcrumb":{"@id":"https:\/\/chateaudemontabert.fr\/en\/rates-reservations\/#breadcrumb"},"inLanguage":"en-US","potentialAction":[{"@type":"ReadAction","target":["https:\/\/chateaudemontabert.fr\/en\/rates-reservations\/"]}]},{"@type":"ImageObject","inLanguage":"en-US","@id":"https:\/\/chateaudemontabert.fr\/en\/rates-reservations\/#primaryimage","url":"https:\/\/chateaudemontabert.fr\/wp-content\/uploads\/2016\/05\/texture-1362879_1920.jpg","contentUrl":"https:\/\/chateaudemontabert.fr\/wp-content\/uploads\/2016\/05\/texture-1362879_1920.jpg","width":1920,"height":1280},{"@type":"BreadcrumbList","@id":"https:\/\/chateaudemontabert.fr\/en\/rates-reservations\/#breadcrumb","itemListElement":[{"@type":"ListItem","position":1,"name":"Home","item":"https:\/\/chateaudemontabert.fr\/en\/"},{"@type":"ListItem","position":2,"name":"Pricing &#038; Booking"}]},{"@type":"WebSite","@id":"https:\/\/chateaudemontabert.fr\/#website","url":"https:\/\/chateaudemontabert.fr\/","name":"Ch\u00e2teau de Montabert","description":"D\u00e9couvrez le Ch\u00e2teau de Montabert, Chambres d&#039;H\u00f4tes de luxe pr\u00e8s de Troyes \u00e0 deux pas du Parc de la For\u00eat d&#039;Orient avec piscine chauff\u00e9e dans un parc de 14 hectares","potentialAction":[{"@type":"SearchAction","target":{"@type":"EntryPoint","urlTemplate":"https:\/\/chateaudemontabert.fr\/?s={search_term_string}"},"query-input":{"@type":"PropertyValueSpecification","valueRequired":true,"valueName":"search_term_string"}}],"inLanguage":"en-US"}]}},"_links":{"self":[{"href":"https:\/\/chateaudemontabert.fr\/en\/wp-json\/wp\/v2\/pages\/94","targetHints":{"allow":["GET"]}}],"collection":[{"href":"https:\/\/chateaudemontabert.fr\/en\/wp-json\/wp\/v2\/pages"}],"about":[{"href":"https:\/\/chateaudemontabert.fr\/en\/wp-json\/wp\/v2\/types\/page"}],"author":[{"embeddable":true,"href":"https:\/\/chateaudemontabert.fr\/en\/wp-json\/wp\/v2\/users\/2"}],"replies":[{"embeddable":true,"href":"https:\/\/chateaudemontabert.fr\/en\/wp-json\/wp\/v2\/comments?post=94"}],"version-history":[{"count":0,"href":"https:\/\/chateaudemontabert.fr\/en\/wp-json\/wp\/v2\/pages\/94\/revisions"}],"wp:featuredmedia":[{"embeddable":true,"href":"https:\/\/chateaudemontabert.fr\/en\/wp-json\/wp\/v2\/media\/1401"}],"wp:attachment":[{"href":"https:\/\/chateaudemontabert.fr\/en\/wp-json\/wp\/v2\/media?parent=94"}],"curies":[{"name":"wp","href":"https:\/\/api.w.org\/{rel}","templated":true}]}}